{"id":792,"date":"2019-04-10T18:30:28","date_gmt":"2019-04-10T16:30:28","guid":{"rendered":"https:\/\/www.ivec-cleve.de\/about-us\/"},"modified":"2026-03-19T19:55:11","modified_gmt":"2026-03-19T18:55:11","slug":"about-us","status":"publish","type":"page","link":"https:\/\/www.ivec-cleve.de\/en\/about-us\/","title":{"rendered":"About us"},"content":{"rendered":"\n<figure itemscope itemtype=\"https:\/\/schema.org\/ImageObject\">\n\t\t\t\t<img decoding=\"async\" src=\"https:\/\/www.ivec-cleve.de\/wp-content\/uploads\/IVEC-Team.jpg\" alt=\"Die Gesellschafter und Gesch\u00e4ftsf\u00fchrer der IVEC Industrievertretung: Eckart, Robert und Torsten Cleve\" height=\"839\" width=\"1920\" title=\"IVEC Industrievertretung E. Cleve OHG\" onerror=\"this.style.display='none'\" loading=\"lazy\" \/>\n\t<\/figure>\n<h1>\n\t\t\tAbout us\t<\/h1>\n\t<p>IVEC Industrievertetung E. Cleve OHG was set up in October 2002 and is based in Wolfratshausen in Upper Bavaria. 40 years of experience in the technical distribution of passive and electromechanical components gives us a solid platform. You will benefit from our knowledge of the market and our technical expertise.<br \/>As an industrial agency, we do not maintain our own warehouse but maintain a stable network of manufacturers and distributors. We use our close personal contacts with our partners to supply you quickly with the components you need.<\/p>\n<p><strong>We are right next door<\/strong><br \/>At home in Bavaria and quickly at your side to discuss your requirements with you and understand your business. We set store by personal contact as that way we can adapt perfectly to your needs.<\/p>\n<p><strong>With us you are in the right hands.<\/strong><br \/>Attention to detail, reliability and precision go without saying for us to ensure that you receive the parts you need as quickly as possible.<\/p>\n<p>IVEC Personal. Reliable. Precise.<\/p>\n<figure itemscope itemtype=\"https:\/\/schema.org\/ImageObject\">\n\t\t\t\t<img decoding=\"async\" src=\"https:\/\/www.ivec-cleve.de\/wp-content\/uploads\/eckart3_square.jpg\" alt=\"Eckart Cleve\" height=\"800\" width=\"800\" title=\"Eckart Cleve\" onerror=\"this.style.display='none'\" loading=\"lazy\" \/>\n\t<\/figure>\n\tEckart Cleve<br \/>\nManaging Partner\n<!--p>&nbsp;\n<figure itemscope itemtype=\"https:\/\/schema.org\/ImageObject\">\n\t\t\t\t<img decoding=\"async\" src=\"https:\/\/www.ivec-cleve.de\/wp-content\/uploads\/robert2_square.jpg\" alt=\"Robert Cleve\" height=\"800\" width=\"800\" title=\"Robert Cleve\" onerror=\"this.style.display='none'\" loading=\"lazy\" \/>\n\t<\/figure>\n\tRobert Cleve<br \/>\nPartner \/ Shareholder\n<!--p>&nbsp;\n<figure itemscope itemtype=\"https:\/\/schema.org\/ImageObject\">\n\t\t\t\t<img decoding=\"async\" src=\"https:\/\/www.ivec-cleve.de\/wp-content\/uploads\/torsten3_square.jpg\" alt=\"Torsten Cleve\" height=\"800\" width=\"800\" title=\"Torsten Cleve\" onerror=\"this.style.display='none'\" loading=\"lazy\" \/>\n\t<\/figure>\n\tTorsten Cleve<br \/>\nPartner \/ Shareholder\n<!--p>&nbsp;\n<figure itemscope itemtype=\"https:\/\/schema.org\/ImageObject\">\n\t\t\t\t<img decoding=\"async\" src=\"https:\/\/www.ivec-cleve.de\/wp-content\/uploads\/vertreieb-mitarbeiter-fahd-chaouachi.webp\" alt=\"vertreieb-mitarbeiter-fahd chaouachi\" height=\"800\" width=\"800\" title=\"vertreieb-mitarbeiter-fahd chaouachi\" onerror=\"this.style.display='none'\" loading=\"lazy\" \/>\n\t<\/figure>\n\tFahd Chaouachi<br \/>\nB. Eng., Sales Southwest\n<!--p>&nbsp;\n<h2  id=\"kontakt-header\">\n\t\t\tHow can we help you?\t<\/h2>\n\t[fluentform id=\"3\"]\n\t<h3>IVEC<\/h3>\nIVEC Industrievertretung<br \/>\nE. Cleve OHG<br \/>\nObermarkt 31<br \/>\n82515 Wolfratshausen\n\t<h3>KONTAKT<\/h3>\nPhone: <a href=\"tel:+49871818580\">+49 8171 81858-0<\/a><br \/>\nFax: +49 8171 81858-19<br \/>\nE-mail: <a href=\"mailto:info@ivec-cleve.de\">info@ivec-cleve.de<\/a><br \/>\nWeb: <a href=\"https:\/\/www.ivec-cleve.de\/\">www.ivec-cleve.de<\/a>\n\n","protected":false},"excerpt":{"rendered":"<p>About us IVEC Industrievertetung E. Cleve OHG was set up in October 2002 and is based in Wolfratshausen in Upper Bavaria. 40 years of experience in the technical distribution of passive and electromechanical components gives us a solid platform. You will benefit from our knowledge of the market and our technical expertise.As an industrial agency, [&hellip;]<\/p>\n","protected":false},"author":1,"featured_media":0,"parent":0,"menu_order":12,"comment_status":"closed","ping_status":"closed","template":"","meta":{"site-sidebar-layout":"default","site-content-layout":"default","ast-site-content-layout":"default","site-content-style":"default","site-sidebar-style":"default","ast-global-header-display":"","ast-banner-title-visibility":"","ast-main-header-display":"","ast-hfb-above-header-display":"","ast-hfb-below-header-display":"","ast-hfb-mobile-header-display":"","site-post-title":"disabled","ast-breadcrumbs-content":"","ast-featured-img":"","footer-sml-layout":"","ast-disable-related-posts":"","theme-transparent-header-meta":"default","adv-header-id-meta":"","stick-header-meta":"default","header-above-stick-meta":"","header-main-stick-meta":"","header-below-stick-meta":"","astra-migrate-meta-layouts":"set","ast-page-background-enabled":"default","ast-page-background-meta":{"desktop":{"background-color":"","background-image":"","background-repeat":"repeat","background-position":"center center","background-size":"auto","background-attachment":"scroll","background-type":"","background-media":"","overlay-type":"","overlay-color":"","overlay-opacity":"","overlay-gradient":""},"tablet":{"background-color":"","background-image":"","background-repeat":"repeat","background-position":"center center","background-size":"auto","background-attachment":"scroll","background-type":"","background-media":"","overlay-type":"","overlay-color":"","overlay-opacity":"","overlay-gradient":""},"mobile":{"background-color":"","background-image":"","background-repeat":"repeat","background-position":"center center","background-size":"auto","background-attachment":"scroll","background-type":"","background-media":"","overlay-type":"","overlay-color":"","overlay-opacity":"","overlay-gradient":""}},"ast-content-background-meta":{"desktop":{"background-color":"var(--ast-global-color-5)","background-image":"","background-repeat":"repeat","background-position":"center center","background-size":"auto","background-attachment":"scroll","background-type":"","background-media":"","overlay-type":"","overlay-color":"","overlay-opacity":"","overlay-gradient":""},"tablet":{"background-color":"var(--ast-global-color-5)","background-image":"","background-repeat":"repeat","background-position":"center center","background-size":"auto","background-attachment":"scroll","background-type":"","background-media":"","overlay-type":"","overlay-color":"","overlay-opacity":"","overlay-gradient":""},"mobile":{"background-color":"var(--ast-global-color-5)","background-image":"","background-repeat":"repeat","background-position":"center center","background-size":"auto","background-attachment":"scroll","background-type":"","background-media":"","overlay-type":"","overlay-color":"","overlay-opacity":"","overlay-gradient":""}},"footnotes":""},"class_list":["post-792","page","type-page","status-publish","hentry"],"yoast_head":"<!-- This site is optimized with the Yoast SEO plugin v27.4 - https:\/\/yoast.com\/product\/yoast-seo-wordpress\/ -->\n<title>\u00dcber uns &amp; Kontakt | IVEC Industrievertretung Cleve OHG<\/title>\n<meta name=\"description\" content=\"IVEC: Your partner for components in Bavaria. Over 40 years of experience, reliability and precise service. Find out more about us now!\" \/>\n<meta name=\"robots\" content=\"index, follow, max-snippet:-1, max-image-preview:large, max-video-preview:-1\" \/>\n<link rel=\"canonical\" href=\"https:\/\/www.ivec-cleve.de\/en\/about-us\/\" \/>\n<meta property=\"og:locale\" content=\"en_US\" \/>\n<meta property=\"og:type\" content=\"article\" \/>\n<meta property=\"og:title\" content=\"\u00dcber uns &amp; Kontakt | IVEC Industrievertretung Cleve OHG\" \/>\n<meta property=\"og:description\" content=\"IVEC: Your partner for components in Bavaria. Over 40 years of experience, reliability and precise service. Find out more about us now!\" \/>\n<meta property=\"og:url\" content=\"https:\/\/www.ivec-cleve.de\/en\/about-us\/\" \/>\n<meta property=\"og:site_name\" content=\"IVEC Industrievertretung E. Cleve OHG\" \/>\n<meta property=\"article:modified_time\" content=\"2026-03-19T18:55:11+00:00\" \/>\n<meta property=\"og:image\" content=\"https:\/\/www.ivec-cleve.de\/wp-content\/uploads\/IVEC-Team.jpg\" \/>\n<meta name=\"twitter:card\" content=\"summary_large_image\" \/>\n<meta name=\"twitter:label1\" content=\"Est. reading time\" \/>\n\t<meta name=\"twitter:data1\" content=\"4 minutes\" \/>\n<script type=\"application\/ld+json\" class=\"yoast-schema-graph\">{\"@context\":\"https:\\\/\\\/schema.org\",\"@graph\":[{\"@type\":\"WebPage\",\"@id\":\"https:\\\/\\\/www.ivec-cleve.de\\\/en\\\/about-us\\\/\",\"url\":\"https:\\\/\\\/www.ivec-cleve.de\\\/en\\\/about-us\\\/\",\"name\":\"\u00dcber uns & Kontakt | IVEC Industrievertretung Cleve OHG\",\"isPartOf\":{\"@id\":\"https:\\\/\\\/www.ivec-cleve.de\\\/en\\\/#website\"},\"primaryImageOfPage\":{\"@id\":\"https:\\\/\\\/www.ivec-cleve.de\\\/en\\\/about-us\\\/#primaryimage\"},\"image\":{\"@id\":\"https:\\\/\\\/www.ivec-cleve.de\\\/en\\\/about-us\\\/#primaryimage\"},\"thumbnailUrl\":\"https:\\\/\\\/www.ivec-cleve.de\\\/wp-content\\\/uploads\\\/IVEC-Team.jpg\",\"datePublished\":\"2019-04-10T16:30:28+00:00\",\"dateModified\":\"2026-03-19T18:55:11+00:00\",\"description\":\"IVEC: Your partner for components in Bavaria. Over 40 years of experience, reliability and precise service. Find out more about us now!\",\"breadcrumb\":{\"@id\":\"https:\\\/\\\/www.ivec-cleve.de\\\/en\\\/about-us\\\/#breadcrumb\"},\"inLanguage\":\"en-US\",\"potentialAction\":[{\"@type\":\"ReadAction\",\"target\":[\"https:\\\/\\\/www.ivec-cleve.de\\\/en\\\/about-us\\\/\"]}]},{\"@type\":\"ImageObject\",\"inLanguage\":\"en-US\",\"@id\":\"https:\\\/\\\/www.ivec-cleve.de\\\/en\\\/about-us\\\/#primaryimage\",\"url\":\"https:\\\/\\\/www.ivec-cleve.de\\\/wp-content\\\/uploads\\\/IVEC-Team.jpg\",\"contentUrl\":\"https:\\\/\\\/www.ivec-cleve.de\\\/wp-content\\\/uploads\\\/IVEC-Team.jpg\"},{\"@type\":\"BreadcrumbList\",\"@id\":\"https:\\\/\\\/www.ivec-cleve.de\\\/en\\\/about-us\\\/#breadcrumb\",\"itemListElement\":[{\"@type\":\"ListItem\",\"position\":1,\"name\":\"Startseite\",\"item\":\"https:\\\/\\\/www.ivec-cleve.de\\\/en\\\/\"},{\"@type\":\"ListItem\",\"position\":2,\"name\":\"About us\"}]},{\"@type\":\"WebSite\",\"@id\":\"https:\\\/\\\/www.ivec-cleve.de\\\/en\\\/#website\",\"url\":\"https:\\\/\\\/www.ivec-cleve.de\\\/en\\\/\",\"name\":\"IVEC Industrievertretung E. Cleve OHG\",\"description\":\"IVEC ist in Bayern und Baden-W\u00fcrttemberg (nur ACP und Copal) als Industrievertretung f\u00fcr verschiedene Hersteller passiver und elektromechanischer Bauelemente t\u00e4tig\",\"publisher\":{\"@id\":\"https:\\\/\\\/www.ivec-cleve.de\\\/en\\\/#organization\"},\"potentialAction\":[{\"@type\":\"SearchAction\",\"target\":{\"@type\":\"EntryPoint\",\"urlTemplate\":\"https:\\\/\\\/www.ivec-cleve.de\\\/en\\\/?s={search_term_string}\"},\"query-input\":{\"@type\":\"PropertyValueSpecification\",\"valueRequired\":true,\"valueName\":\"search_term_string\"}}],\"inLanguage\":\"en-US\"},{\"@type\":\"Organization\",\"@id\":\"https:\\\/\\\/www.ivec-cleve.de\\\/en\\\/#organization\",\"name\":\"IVEC Industrievertretung E. Cleve OHG\",\"url\":\"https:\\\/\\\/www.ivec-cleve.de\\\/en\\\/\",\"logo\":{\"@type\":\"ImageObject\",\"inLanguage\":\"en-US\",\"@id\":\"https:\\\/\\\/www.ivec-cleve.de\\\/en\\\/#\\\/schema\\\/logo\\\/image\\\/\",\"url\":\"https:\\\/\\\/www.ivec-cleve.de\\\/wp-content\\\/uploads\\\/ivec-20-jahre.png\",\"contentUrl\":\"https:\\\/\\\/www.ivec-cleve.de\\\/wp-content\\\/uploads\\\/ivec-20-jahre.png\",\"width\":1165,\"height\":346,\"caption\":\"IVEC Industrievertretung E. Cleve OHG\"},\"image\":{\"@id\":\"https:\\\/\\\/www.ivec-cleve.de\\\/en\\\/#\\\/schema\\\/logo\\\/image\\\/\"}}]}<\/script>\n<!-- \/ Yoast SEO plugin. -->","yoast_head_json":{"title":"\u00dcber uns & Kontakt | IVEC Industrievertretung Cleve OHG","description":"IVEC: Your partner for components in Bavaria. Over 40 years of experience, reliability and precise service. Find out more about us now!","robots":{"index":"index","follow":"follow","max-snippet":"max-snippet:-1","max-image-preview":"max-image-preview:large","max-video-preview":"max-video-preview:-1"},"canonical":"https:\/\/www.ivec-cleve.de\/en\/about-us\/","og_locale":"en_US","og_type":"article","og_title":"\u00dcber uns & Kontakt | IVEC Industrievertretung Cleve OHG","og_description":"IVEC: Your partner for components in Bavaria. Over 40 years of experience, reliability and precise service. Find out more about us now!","og_url":"https:\/\/www.ivec-cleve.de\/en\/about-us\/","og_site_name":"IVEC Industrievertretung E. Cleve OHG","article_modified_time":"2026-03-19T18:55:11+00:00","og_image":[{"url":"https:\/\/www.ivec-cleve.de\/wp-content\/uploads\/IVEC-Team.jpg","type":"","width":"","height":""}],"twitter_card":"summary_large_image","twitter_misc":{"Est. reading time":"4 minutes"},"schema":{"@context":"https:\/\/schema.org","@graph":[{"@type":"WebPage","@id":"https:\/\/www.ivec-cleve.de\/en\/about-us\/","url":"https:\/\/www.ivec-cleve.de\/en\/about-us\/","name":"\u00dcber uns & Kontakt | IVEC Industrievertretung Cleve OHG","isPartOf":{"@id":"https:\/\/www.ivec-cleve.de\/en\/#website"},"primaryImageOfPage":{"@id":"https:\/\/www.ivec-cleve.de\/en\/about-us\/#primaryimage"},"image":{"@id":"https:\/\/www.ivec-cleve.de\/en\/about-us\/#primaryimage"},"thumbnailUrl":"https:\/\/www.ivec-cleve.de\/wp-content\/uploads\/IVEC-Team.jpg","datePublished":"2019-04-10T16:30:28+00:00","dateModified":"2026-03-19T18:55:11+00:00","description":"IVEC: Your partner for components in Bavaria. Over 40 years of experience, reliability and precise service. Find out more about us now!","breadcrumb":{"@id":"https:\/\/www.ivec-cleve.de\/en\/about-us\/#breadcrumb"},"inLanguage":"en-US","potentialAction":[{"@type":"ReadAction","target":["https:\/\/www.ivec-cleve.de\/en\/about-us\/"]}]},{"@type":"ImageObject","inLanguage":"en-US","@id":"https:\/\/www.ivec-cleve.de\/en\/about-us\/#primaryimage","url":"https:\/\/www.ivec-cleve.de\/wp-content\/uploads\/IVEC-Team.jpg","contentUrl":"https:\/\/www.ivec-cleve.de\/wp-content\/uploads\/IVEC-Team.jpg"},{"@type":"BreadcrumbList","@id":"https:\/\/www.ivec-cleve.de\/en\/about-us\/#breadcrumb","itemListElement":[{"@type":"ListItem","position":1,"name":"Startseite","item":"https:\/\/www.ivec-cleve.de\/en\/"},{"@type":"ListItem","position":2,"name":"About us"}]},{"@type":"WebSite","@id":"https:\/\/www.ivec-cleve.de\/en\/#website","url":"https:\/\/www.ivec-cleve.de\/en\/","name":"IVEC Industrievertretung E. Cleve OHG","description":"IVEC ist in Bayern und Baden-W\u00fcrttemberg (nur ACP und Copal) als Industrievertretung f\u00fcr verschiedene Hersteller passiver und elektromechanischer Bauelemente t\u00e4tig","publisher":{"@id":"https:\/\/www.ivec-cleve.de\/en\/#organization"},"potentialAction":[{"@type":"SearchAction","target":{"@type":"EntryPoint","urlTemplate":"https:\/\/www.ivec-cleve.de\/en\/?s={search_term_string}"},"query-input":{"@type":"PropertyValueSpecification","valueRequired":true,"valueName":"search_term_string"}}],"inLanguage":"en-US"},{"@type":"Organization","@id":"https:\/\/www.ivec-cleve.de\/en\/#organization","name":"IVEC Industrievertretung E. Cleve OHG","url":"https:\/\/www.ivec-cleve.de\/en\/","logo":{"@type":"ImageObject","inLanguage":"en-US","@id":"https:\/\/www.ivec-cleve.de\/en\/#\/schema\/logo\/image\/","url":"https:\/\/www.ivec-cleve.de\/wp-content\/uploads\/ivec-20-jahre.png","contentUrl":"https:\/\/www.ivec-cleve.de\/wp-content\/uploads\/ivec-20-jahre.png","width":1165,"height":346,"caption":"IVEC Industrievertretung E. Cleve OHG"},"image":{"@id":"https:\/\/www.ivec-cleve.de\/en\/#\/schema\/logo\/image\/"}}]}},"_links":{"self":[{"href":"https:\/\/www.ivec-cleve.de\/en\/wp-json\/wp\/v2\/pages\/792","targetHints":{"allow":["GET"]}}],"collection":[{"href":"https:\/\/www.ivec-cleve.de\/en\/wp-json\/wp\/v2\/pages"}],"about":[{"href":"https:\/\/www.ivec-cleve.de\/en\/wp-json\/wp\/v2\/types\/page"}],"author":[{"embeddable":true,"href":"https:\/\/www.ivec-cleve.de\/en\/wp-json\/wp\/v2\/users\/1"}],"replies":[{"embeddable":true,"href":"https:\/\/www.ivec-cleve.de\/en\/wp-json\/wp\/v2\/comments?post=792"}],"version-history":[{"count":3,"href":"https:\/\/www.ivec-cleve.de\/en\/wp-json\/wp\/v2\/pages\/792\/revisions"}],"predecessor-version":[{"id":1839,"href":"https:\/\/www.ivec-cleve.de\/en\/wp-json\/wp\/v2\/pages\/792\/revisions\/1839"}],"wp:attachment":[{"href":"https:\/\/www.ivec-cleve.de\/en\/wp-json\/wp\/v2\/media?parent=792"}],"curies":[{"name":"wp","href":"https:\/\/api.w.org\/{rel}","templated":true}]}}