{"id":789,"date":"2019-04-10T18:23:44","date_gmt":"2019-04-10T16:23:44","guid":{"rendered":"https:\/\/www.ivec-cleve.de\/representatives\/rubycon\/"},"modified":"2025-10-30T12:42:08","modified_gmt":"2025-10-30T11:42:08","slug":"rubycon","status":"publish","type":"page","link":"https:\/\/www.ivec-cleve.de\/en\/representatives\/rubycon\/","title":{"rendered":"Rubycon"},"content":{"rendered":"\r\n<p><img loading=\"lazy\" decoding=\"async\" title=\"rubycon-head\" src=\"https:\/\/www.ivec-cleve.de\/wp-content\/uploads\/rubycon-head-1.jpg\" alt=\"Geb\u00e4ude von Rubycon\" width=\"1920\" height=\"700\" \/> <img decoding=\"async\" title=\"Rubycon\" src=\"https:\/\/www.ivec-cleve.de\/wp-content\/uploads\/\/Rubycon-300x188.jpg\" alt=\"Logo Rubycon\" \/><\/p>\r\n<h1>Rubycon Corporation<\/h1>\r\n<p>Rubycon Corporation develops, produces and sells high quality capacitors for applications in Industry and Automotive. It\u00b4s product range includes aluminium electrolytic capacitors, conductive polymer aluminium solid electrolytic capacitors &#8211; hybrid type, power film capacitors, polymer multi-layer capacitors and electric double-layer capacitors. A lot of Rubycon products are tested in accordance with AEC-Q200.<\/p>\r\n<p>Rubycon employs about 3000 persons globally. Production sites are mainly located in Japan but also in Indonesia. All locations are certified in accordance with ISO 9001 and ISO 14001, some with ISO\/TS 16949. The company was founded in 1952 and is based in Ina City, Japan. In Europe Rubycon is represented by offices in Germany (Munich) and in the Netherlands.<\/p>\r\n<p>The company is distinguished by the depth off added value and the extensive effort for R&amp;D. It\u00b4s products serve markets and applications like Power Supplies, Drives, Inverters, Renewable Energy, Lightning and Automotive.<\/p>\r\n<p>Aluminum Electrolytic Capacitors<\/p>\r\n<p>Polymer Aluminum Electrolytic Capacitors (PZ-CAP)<\/p>\r\n<p>Electric Double Layer Capacitors (EDLC)<\/p>\r\n<p>Polymer Multilayer Capacitors (PMLCAP)<\/p>\r\n<!-- \tEND MULTIPLE SECTIONS -->\r\n<p><a href=\"https:\/\/www.rubycon.co.jp\/en\/products\/\" target=\"_blank\" rel=\"noopener nofollow\"> To the Rubycon product catalog <\/a> <img loading=\"lazy\" decoding=\"async\" title=\"Robert Cleve\" src=\"https:\/\/www.ivec-cleve.de\/wp-content\/uploads\/robert2_square.jpg\" alt=\"Robert Cleve\" width=\"800\" height=\"800\" \/><\/p>\r\n<h2>Your contact person<\/h2>\r\n<p>For all questions about Rubycon Mr. Robert Cleve is at your disposal.<\/p>\r\n<p><img loading=\"lazy\" decoding=\"async\" title=\"Torsten Cleve\" src=\"https:\/\/www.ivec-cleve.de\/wp-content\/uploads\/torsten3_square.jpg\" alt=\"Torsten Cleve\" width=\"800\" height=\"800\" \/><\/p>\r\n<h2>Your contact person<\/h2>\r\n<p>For all questions about Rubycon Mr. Torsten Cleve is at your disposal.<\/p>\r\n<h2 id=\"kontakt-header\">DO YOU HAVE ANY QUESTIONS ABOUT OUR PRODUCT PORTFOLIO?<\/h2>\r\n<div class='fluentform ff-default fluentform_wrapper_4 ffs_default_wrap'><form data-form_id=\"4\" id=\"fluentform_4\" class=\"frm-fluent-form fluent_form_4 ff-el-form-top ff_form_instance_4_1 ff-form-loading ffs_default\" data-form_instance=\"ff_form_instance_4_1\" method=\"POST\" ><fieldset  style=\"border: none!important;margin: 0!important;padding: 0!important;background-color: transparent!important;box-shadow: none!important;outline: none!important; min-inline-size: 100%;\">\n                    <legend class=\"ff_screen_reader_title\" style=\"display: block; margin: 0!important;padding: 0!important;height: 0!important;text-indent: -999999px;width: 0!important;overflow:hidden;\">Contact Form<\/legend>        <div\n                style=\"display: none!important; position: absolute!important; transform: translateX(1000%)!important;\"\n                class=\"ff-el-group ff-hpsf-container\"\n        >\n            <div class=\"ff-el-input--label asterisk-right\">\n                <label for=\"ff_4_item_sf\" aria-label=\"Subscribe\">\n                    Subscribe                <\/label>\n            <\/div>\n            <div class=\"ff-el-input--content\">\n                <input type=\"text\"\n                       name=\"item_4__fluent_sf\"\n                       class=\"ff-el-form-control\"\n                       id=\"ff_4_item_sf\"\n                \/>\n            <\/div>\n        <\/div>\n                <input type=\"hidden\" id=\"__fluent_protection_token_4\" class=\"fluent-form-token-field\" name=\"__fluent_protection_token_4\">\n        <input type='hidden' name='__fluent_form_embded_post_id' value='789' \/><input type=\"hidden\" id=\"_fluentform_4_fluentformnonce\" name=\"_fluentform_4_fluentformnonce\" value=\"325be20917\" \/><input type=\"hidden\" name=\"_wp_http_referer\" value=\"\/en\/wp-json\/wp\/v2\/pages\/789\" \/><div data-name=\"ff_cn_id_1\"  class='ff-t-container ff-column-container ff_columns_total_2 '><div class='ff-t-cell ff-t-column-1' style='flex-basis: 50%;'><div class='ff-el-group ff-el-form-hide_label'><div class=\"ff-el-input--label ff-el-is-required asterisk-right\"><label for='ff_4_input_text' id='label_ff_4_input_text' aria-label=\"FIRST NAME\">FIRST NAME<\/label><\/div><div class='ff-el-input--content'><input type=\"text\" name=\"input_text\" class=\"ff-el-form-control\" placeholder=\"FIRST NAME\" data-name=\"input_text\" id=\"ff_4_input_text\"  aria-invalid=\"false\" aria-required=true><\/div><\/div><\/div><div class='ff-t-cell ff-t-column-2' style='flex-basis: 50%;'><div class='ff-el-group ff-el-form-hide_label'><div class=\"ff-el-input--label ff-el-is-required asterisk-right\"><label for='ff_4_input_text_1' id='label_ff_4_input_text_1' aria-label=\"LAST NAME\">LAST NAME<\/label><\/div><div class='ff-el-input--content'><input type=\"text\" name=\"input_text_1\" class=\"ff-el-form-control\" placeholder=\"LAST NAME\" data-name=\"input_text_1\" id=\"ff_4_input_text_1\"  aria-invalid=\"false\" aria-required=true><\/div><\/div><\/div><\/div><div data-name=\"ff_cn_id_2\"  class='ff-t-container ff-column-container ff_columns_total_2 '><div class='ff-t-cell ff-t-column-1' style='flex-basis: 50%;'><div class='ff-el-group ff-el-form-hide_label'><div class=\"ff-el-input--label ff-el-is-required asterisk-right\"><label for='ff_4_input_text_2' id='label_ff_4_input_text_2' aria-label=\"COMPANY\">COMPANY<\/label><\/div><div class='ff-el-input--content'><input type=\"text\" name=\"input_text_2\" class=\"ff-el-form-control\" placeholder=\"COMPANY\" data-name=\"input_text_2\" id=\"ff_4_input_text_2\"  aria-invalid=\"false\" aria-required=true><\/div><\/div><\/div><div class='ff-t-cell ff-t-column-2' style='flex-basis: 50%;'><div class='ff-el-group ff-el-form-hide_label'><div class=\"ff-el-input--label asterisk-right\"><label for='ff_4_email' id='label_ff_4_email' aria-label=\"EMAIL\">EMAIL<\/label><\/div><div class='ff-el-input--content'><input type=\"email\" name=\"email\" id=\"ff_4_email\" class=\"ff-el-form-control\" placeholder=\"EMAIL\" data-name=\"email\"  aria-invalid=\"false\" aria-required=false><\/div><\/div><\/div><\/div><div class='ff-el-group ff-el-form-hide_label'><div class=\"ff-el-input--label ff-el-is-required asterisk-right\"><label for='ff_4_description' id='label_ff_4_description' aria-label=\"YOUR MESSAGE TO US\">YOUR MESSAGE TO US<\/label><\/div><div class='ff-el-input--content'><textarea aria-required=\"true\" aria-labelledby=\"label_ff_4_description\" name=\"description\" id=\"ff_4_description\" class=\"ff-el-form-control\" placeholder=\"YOUR MESSAGE TO US\" rows=\"3\" cols=\"2\" data-name=\"description\" ><\/textarea><\/div><\/div><div class='ff-el-group ff-el-form-hide_label'><div class=\"ff-el-input--label ff-el-is-required asterisk-right\"><label   aria-label=\"DATENSCHUTZ\">DATENSCHUTZ<\/label><\/div><div class='ff-el-input--content'><div class='ff-el-form-check ff-el-form-check-'><label class='ff-el-form-check-label' for='checkbox_81962ad87e299817d60e828ae114638c'><input  type=\"checkbox\" name=\"checkbox[]\" data-name=\"checkbox\" class=\"ff-el-form-check-input ff-el-form-check-checkbox\" value=\"Yes, I agree that my details from the contact form will be used to process my request. Further information on data protection and revocation options can be found in the &lt;a href=&quot;\/en\/privacy-policy\/&quot; target=&quot;_blank&quot;&gt;privacy policy&lt;\/a&gt;.\"  id='checkbox_81962ad87e299817d60e828ae114638c' aria-label='Yes, I agree that my details from the contact form will be used to process my request. Further information on data protection and revocation options can be found in the &lt;a href=&quot;\/en\/privacy-policy\/&quot; target=&quot;_blank&quot;&gt;privacy policy&lt;\/a&gt;.' aria-invalid='false' aria-required=true> <span>Yes, I agree that my details from the contact form will be used to process my request. Further information on data protection and revocation options can be found in the <a href=\"\/en\/privacy-policy\/\" target=\"_blank\">privacy policy<\/a>.<\/span><\/label><\/div><\/div><\/div><div class='ff-el-group ff-text-center ff_submit_btn_wrapper'><button type=\"submit\" class=\"ff-btn ff-btn-submit ff-btn-lg ff_btn_style wpf_has_custom_css\"  aria-label=\"SUBMIT\">SUBMIT<\/button><\/div><\/fieldset><\/form><div id='fluentform_4_errors' class='ff-errors-in-stack ff_form_instance_4_1 ff-form-loading_errors ff_form_instance_4_1_errors'><\/div><\/div>            <script type=\"text\/javascript\">\n                window.fluent_form_ff_form_instance_4_1 = {\"id\":\"4\",\"ajaxUrl\":\"https:\\\/\\\/www.ivec-cleve.de\\\/wp-admin\\\/admin-ajax.php\",\"settings\":{\"layout\":{\"labelPlacement\":\"top\",\"helpMessagePlacement\":\"with_label\",\"errorMessagePlacement\":\"inline\",\"asteriskPlacement\":\"asterisk-right\"},\"restrictions\":{\"denyEmptySubmission\":{\"enabled\":false}}},\"form_instance\":\"ff_form_instance_4_1\",\"form_id_selector\":\"fluentform_4\",\"rules\":{\"input_text\":{\"required\":{\"value\":true,\"message\":\"This value is required.\"}},\"input_text_1\":{\"required\":{\"value\":true,\"message\":\"This value is required.\"}},\"input_text_2\":{\"required\":{\"value\":true,\"message\":\"This value is required.\"}},\"email\":{\"required\":{\"value\":false,\"message\":\"Dieses Feld ist erforderlich\"},\"email\":{\"value\":true,\"message\":\"This field must contain a valid email address.\"}},\"description\":{\"required\":{\"value\":true,\"message\":\"This value is required.\"}},\"checkbox\":{\"required\":{\"value\":true,\"message\":\"This value is required.\"}}},\"debounce_time\":300};\n                            <\/script>\n            \r\n<h3>IVEC<\/h3>\r\n<p>IVEC Industrievertretung<br \/>E. Cleve OHG<br \/>Obermarkt 31<br \/>82515 Wolfratshausen<\/p>\r\n<h3>CONTACT<\/h3>\r\n<p>Phone: +49 8171 81858-0<br \/>Fax: +49 8171 81858-19<br \/>E-mail: <a href=\"mailto:info@ivec-cleve.de\">info@ivec-cleve.de<\/a><br \/>Web: <a href=\"https:\/\/www.ivec-cleve.de\/en\/\">www.ivec-cleve.de<\/a><\/p>\r\n","protected":false},"excerpt":{"rendered":"<p>Rubycon Corporation Rubycon Corporation develops, produces and sells high quality capacitors for applications in Industry and Automotive. It\u00b4s product range includes aluminium electrolytic capacitors, conductive polymer aluminium solid electrolytic capacitors &#8211; hybrid type, power film capacitors, polymer multi-layer capacitors and electric double-layer capacitors. A lot of Rubycon products are tested in accordance with AEC-Q200. Rubycon [&hellip;]<\/p>\n","protected":false},"author":1,"featured_media":0,"parent":780,"menu_order":3,"comment_status":"closed","ping_status":"closed","template":"","meta":{"site-sidebar-layout":"default","site-content-layout":"default","ast-site-content-layout":"default","site-content-style":"default","site-sidebar-style":"default","ast-global-header-display":"","ast-banner-title-visibility":"","ast-main-header-display":"","ast-hfb-above-header-display":"","ast-hfb-below-header-display":"","ast-hfb-mobile-header-display":"","site-post-title":"","ast-breadcrumbs-content":"","ast-featured-img":"","footer-sml-layout":"","ast-disable-related-posts":"","theme-transparent-header-meta":"default","adv-header-id-meta":"","stick-header-meta":"default","header-above-stick-meta":"","header-main-stick-meta":"","header-below-stick-meta":"","astra-migrate-meta-layouts":"set","ast-page-background-enabled":"default","ast-page-background-meta":{"desktop":{"background-color":"","background-image":"","background-repeat":"repeat","background-position":"center center","background-size":"auto","background-attachment":"scroll","background-type":"","background-media":"","overlay-type":"","overlay-color":"","overlay-opacity":"","overlay-gradient":""},"tablet":{"background-color":"","background-image":"","background-repeat":"repeat","background-position":"center center","background-size":"auto","background-attachment":"scroll","background-type":"","background-media":"","overlay-type":"","overlay-color":"","overlay-opacity":"","overlay-gradient":""},"mobile":{"background-color":"","background-image":"","background-repeat":"repeat","background-position":"center center","background-size":"auto","background-attachment":"scroll","background-type":"","background-media":"","overlay-type":"","overlay-color":"","overlay-opacity":"","overlay-gradient":""}},"ast-content-background-meta":{"desktop":{"background-color":"var(--ast-global-color-5)","background-image":"","background-repeat":"repeat","background-position":"center center","background-size":"auto","background-attachment":"scroll","background-type":"","background-media":"","overlay-type":"","overlay-color":"","overlay-opacity":"","overlay-gradient":""},"tablet":{"background-color":"var(--ast-global-color-5)","background-image":"","background-repeat":"repeat","background-position":"center center","background-size":"auto","background-attachment":"scroll","background-type":"","background-media":"","overlay-type":"","overlay-color":"","overlay-opacity":"","overlay-gradient":""},"mobile":{"background-color":"var(--ast-global-color-5)","background-image":"","background-repeat":"repeat","background-position":"center center","background-size":"auto","background-attachment":"scroll","background-type":"","background-media":"","overlay-type":"","overlay-color":"","overlay-opacity":"","overlay-gradient":""}},"footnotes":""},"class_list":["post-789","page","type-page","status-publish","hentry"],"yoast_head":"<!-- This site is optimized with the Yoast SEO plugin v27.4 - https:\/\/yoast.com\/product\/yoast-seo-wordpress\/ -->\n<title>Rubycon capacitors for industry and automotive applications<\/title>\n<meta name=\"description\" content=\"Developers take note: Rubycon offers capacitors with top added value and ISO-certified quality for demanding projects.\" \/>\n<meta name=\"robots\" content=\"index, follow, max-snippet:-1, max-image-preview:large, max-video-preview:-1\" \/>\n<link rel=\"canonical\" href=\"https:\/\/www.ivec-cleve.de\/en\/representatives\/rubycon\/\" \/>\n<meta property=\"og:locale\" content=\"en_US\" \/>\n<meta property=\"og:type\" content=\"article\" \/>\n<meta property=\"og:title\" content=\"Rubycon capacitors for industry and automotive applications\" \/>\n<meta property=\"og:description\" content=\"Developers take note: Rubycon offers capacitors with top added value and ISO-certified quality for demanding projects.\" \/>\n<meta property=\"og:url\" content=\"https:\/\/www.ivec-cleve.de\/en\/representatives\/rubycon\/\" \/>\n<meta property=\"og:site_name\" content=\"IVEC Industrievertretung E. Cleve OHG\" \/>\n<meta property=\"article:modified_time\" content=\"2025-10-30T11:42:08+00:00\" \/>\n<meta property=\"og:image\" content=\"https:\/\/www.ivec-cleve.de\/wp-content\/uploads\/rubycon-head-1.jpg\" \/>\n<meta name=\"twitter:card\" content=\"summary_large_image\" \/>\n<meta name=\"twitter:label1\" content=\"Est. reading time\" \/>\n\t<meta name=\"twitter:data1\" content=\"3 minutes\" \/>\n<script type=\"application\/ld+json\" class=\"yoast-schema-graph\">{\"@context\":\"https:\\\/\\\/schema.org\",\"@graph\":[{\"@type\":\"WebPage\",\"@id\":\"https:\\\/\\\/www.ivec-cleve.de\\\/en\\\/representatives\\\/rubycon\\\/\",\"url\":\"https:\\\/\\\/www.ivec-cleve.de\\\/en\\\/representatives\\\/rubycon\\\/\",\"name\":\"Rubycon capacitors for industry and automotive applications\",\"isPartOf\":{\"@id\":\"https:\\\/\\\/www.ivec-cleve.de\\\/en\\\/#website\"},\"primaryImageOfPage\":{\"@id\":\"https:\\\/\\\/www.ivec-cleve.de\\\/en\\\/representatives\\\/rubycon\\\/#primaryimage\"},\"image\":{\"@id\":\"https:\\\/\\\/www.ivec-cleve.de\\\/en\\\/representatives\\\/rubycon\\\/#primaryimage\"},\"thumbnailUrl\":\"https:\\\/\\\/www.ivec-cleve.de\\\/wp-content\\\/uploads\\\/rubycon-head-1.jpg\",\"datePublished\":\"2019-04-10T16:23:44+00:00\",\"dateModified\":\"2025-10-30T11:42:08+00:00\",\"description\":\"Developers take note: Rubycon offers capacitors with top added value and ISO-certified quality for demanding projects.\",\"breadcrumb\":{\"@id\":\"https:\\\/\\\/www.ivec-cleve.de\\\/en\\\/representatives\\\/rubycon\\\/#breadcrumb\"},\"inLanguage\":\"en-US\",\"potentialAction\":[{\"@type\":\"ReadAction\",\"target\":[\"https:\\\/\\\/www.ivec-cleve.de\\\/en\\\/representatives\\\/rubycon\\\/\"]}]},{\"@type\":\"ImageObject\",\"inLanguage\":\"en-US\",\"@id\":\"https:\\\/\\\/www.ivec-cleve.de\\\/en\\\/representatives\\\/rubycon\\\/#primaryimage\",\"url\":\"https:\\\/\\\/www.ivec-cleve.de\\\/wp-content\\\/uploads\\\/rubycon-head-1.jpg\",\"contentUrl\":\"https:\\\/\\\/www.ivec-cleve.de\\\/wp-content\\\/uploads\\\/rubycon-head-1.jpg\"},{\"@type\":\"BreadcrumbList\",\"@id\":\"https:\\\/\\\/www.ivec-cleve.de\\\/en\\\/representatives\\\/rubycon\\\/#breadcrumb\",\"itemListElement\":[{\"@type\":\"ListItem\",\"position\":1,\"name\":\"Startseite\",\"item\":\"https:\\\/\\\/www.ivec-cleve.de\\\/en\\\/\"},{\"@type\":\"ListItem\",\"position\":2,\"name\":\"old-not-active-Representatives\",\"item\":\"https:\\\/\\\/www.ivec-cleve.de\\\/en\\\/?page_id=780\"},{\"@type\":\"ListItem\",\"position\":3,\"name\":\"Rubycon\"}]},{\"@type\":\"WebSite\",\"@id\":\"https:\\\/\\\/www.ivec-cleve.de\\\/en\\\/#website\",\"url\":\"https:\\\/\\\/www.ivec-cleve.de\\\/en\\\/\",\"name\":\"IVEC Industrievertretung E. Cleve OHG\",\"description\":\"IVEC ist in Bayern und Baden-W\u00fcrttemberg (nur ACP und Copal) als Industrievertretung f\u00fcr verschiedene Hersteller passiver und elektromechanischer Bauelemente t\u00e4tig\",\"publisher\":{\"@id\":\"https:\\\/\\\/www.ivec-cleve.de\\\/en\\\/#organization\"},\"potentialAction\":[{\"@type\":\"SearchAction\",\"target\":{\"@type\":\"EntryPoint\",\"urlTemplate\":\"https:\\\/\\\/www.ivec-cleve.de\\\/en\\\/?s={search_term_string}\"},\"query-input\":{\"@type\":\"PropertyValueSpecification\",\"valueRequired\":true,\"valueName\":\"search_term_string\"}}],\"inLanguage\":\"en-US\"},{\"@type\":\"Organization\",\"@id\":\"https:\\\/\\\/www.ivec-cleve.de\\\/en\\\/#organization\",\"name\":\"IVEC Industrievertretung E. Cleve OHG\",\"url\":\"https:\\\/\\\/www.ivec-cleve.de\\\/en\\\/\",\"logo\":{\"@type\":\"ImageObject\",\"inLanguage\":\"en-US\",\"@id\":\"https:\\\/\\\/www.ivec-cleve.de\\\/en\\\/#\\\/schema\\\/logo\\\/image\\\/\",\"url\":\"https:\\\/\\\/www.ivec-cleve.de\\\/wp-content\\\/uploads\\\/ivec-20-jahre.png\",\"contentUrl\":\"https:\\\/\\\/www.ivec-cleve.de\\\/wp-content\\\/uploads\\\/ivec-20-jahre.png\",\"width\":1165,\"height\":346,\"caption\":\"IVEC Industrievertretung E. Cleve OHG\"},\"image\":{\"@id\":\"https:\\\/\\\/www.ivec-cleve.de\\\/en\\\/#\\\/schema\\\/logo\\\/image\\\/\"}}]}<\/script>\n<!-- \/ Yoast SEO plugin. -->","yoast_head_json":{"title":"Rubycon capacitors for industry and automotive applications","description":"Developers take note: Rubycon offers capacitors with top added value and ISO-certified quality for demanding projects.","robots":{"index":"index","follow":"follow","max-snippet":"max-snippet:-1","max-image-preview":"max-image-preview:large","max-video-preview":"max-video-preview:-1"},"canonical":"https:\/\/www.ivec-cleve.de\/en\/representatives\/rubycon\/","og_locale":"en_US","og_type":"article","og_title":"Rubycon capacitors for industry and automotive applications","og_description":"Developers take note: Rubycon offers capacitors with top added value and ISO-certified quality for demanding projects.","og_url":"https:\/\/www.ivec-cleve.de\/en\/representatives\/rubycon\/","og_site_name":"IVEC Industrievertretung E. Cleve OHG","article_modified_time":"2025-10-30T11:42:08+00:00","og_image":[{"url":"https:\/\/www.ivec-cleve.de\/wp-content\/uploads\/rubycon-head-1.jpg","type":"","width":"","height":""}],"twitter_card":"summary_large_image","twitter_misc":{"Est. reading time":"3 minutes"},"schema":{"@context":"https:\/\/schema.org","@graph":[{"@type":"WebPage","@id":"https:\/\/www.ivec-cleve.de\/en\/representatives\/rubycon\/","url":"https:\/\/www.ivec-cleve.de\/en\/representatives\/rubycon\/","name":"Rubycon capacitors for industry and automotive applications","isPartOf":{"@id":"https:\/\/www.ivec-cleve.de\/en\/#website"},"primaryImageOfPage":{"@id":"https:\/\/www.ivec-cleve.de\/en\/representatives\/rubycon\/#primaryimage"},"image":{"@id":"https:\/\/www.ivec-cleve.de\/en\/representatives\/rubycon\/#primaryimage"},"thumbnailUrl":"https:\/\/www.ivec-cleve.de\/wp-content\/uploads\/rubycon-head-1.jpg","datePublished":"2019-04-10T16:23:44+00:00","dateModified":"2025-10-30T11:42:08+00:00","description":"Developers take note: Rubycon offers capacitors with top added value and ISO-certified quality for demanding projects.","breadcrumb":{"@id":"https:\/\/www.ivec-cleve.de\/en\/representatives\/rubycon\/#breadcrumb"},"inLanguage":"en-US","potentialAction":[{"@type":"ReadAction","target":["https:\/\/www.ivec-cleve.de\/en\/representatives\/rubycon\/"]}]},{"@type":"ImageObject","inLanguage":"en-US","@id":"https:\/\/www.ivec-cleve.de\/en\/representatives\/rubycon\/#primaryimage","url":"https:\/\/www.ivec-cleve.de\/wp-content\/uploads\/rubycon-head-1.jpg","contentUrl":"https:\/\/www.ivec-cleve.de\/wp-content\/uploads\/rubycon-head-1.jpg"},{"@type":"BreadcrumbList","@id":"https:\/\/www.ivec-cleve.de\/en\/representatives\/rubycon\/#breadcrumb","itemListElement":[{"@type":"ListItem","position":1,"name":"Startseite","item":"https:\/\/www.ivec-cleve.de\/en\/"},{"@type":"ListItem","position":2,"name":"old-not-active-Representatives","item":"https:\/\/www.ivec-cleve.de\/en\/?page_id=780"},{"@type":"ListItem","position":3,"name":"Rubycon"}]},{"@type":"WebSite","@id":"https:\/\/www.ivec-cleve.de\/en\/#website","url":"https:\/\/www.ivec-cleve.de\/en\/","name":"IVEC Industrievertretung E. Cleve OHG","description":"IVEC ist in Bayern und Baden-W\u00fcrttemberg (nur ACP und Copal) als Industrievertretung f\u00fcr verschiedene Hersteller passiver und elektromechanischer Bauelemente t\u00e4tig","publisher":{"@id":"https:\/\/www.ivec-cleve.de\/en\/#organization"},"potentialAction":[{"@type":"SearchAction","target":{"@type":"EntryPoint","urlTemplate":"https:\/\/www.ivec-cleve.de\/en\/?s={search_term_string}"},"query-input":{"@type":"PropertyValueSpecification","valueRequired":true,"valueName":"search_term_string"}}],"inLanguage":"en-US"},{"@type":"Organization","@id":"https:\/\/www.ivec-cleve.de\/en\/#organization","name":"IVEC Industrievertretung E. Cleve OHG","url":"https:\/\/www.ivec-cleve.de\/en\/","logo":{"@type":"ImageObject","inLanguage":"en-US","@id":"https:\/\/www.ivec-cleve.de\/en\/#\/schema\/logo\/image\/","url":"https:\/\/www.ivec-cleve.de\/wp-content\/uploads\/ivec-20-jahre.png","contentUrl":"https:\/\/www.ivec-cleve.de\/wp-content\/uploads\/ivec-20-jahre.png","width":1165,"height":346,"caption":"IVEC Industrievertretung E. Cleve OHG"},"image":{"@id":"https:\/\/www.ivec-cleve.de\/en\/#\/schema\/logo\/image\/"}}]}},"_links":{"self":[{"href":"https:\/\/www.ivec-cleve.de\/en\/wp-json\/wp\/v2\/pages\/789","targetHints":{"allow":["GET"]}}],"collection":[{"href":"https:\/\/www.ivec-cleve.de\/en\/wp-json\/wp\/v2\/pages"}],"about":[{"href":"https:\/\/www.ivec-cleve.de\/en\/wp-json\/wp\/v2\/types\/page"}],"author":[{"embeddable":true,"href":"https:\/\/www.ivec-cleve.de\/en\/wp-json\/wp\/v2\/users\/1"}],"replies":[{"embeddable":true,"href":"https:\/\/www.ivec-cleve.de\/en\/wp-json\/wp\/v2\/comments?post=789"}],"version-history":[{"count":5,"href":"https:\/\/www.ivec-cleve.de\/en\/wp-json\/wp\/v2\/pages\/789\/revisions"}],"predecessor-version":[{"id":1623,"href":"https:\/\/www.ivec-cleve.de\/en\/wp-json\/wp\/v2\/pages\/789\/revisions\/1623"}],"up":[{"embeddable":true,"href":"https:\/\/www.ivec-cleve.de\/en\/wp-json\/wp\/v2\/pages\/780"}],"wp:attachment":[{"href":"https:\/\/www.ivec-cleve.de\/en\/wp-json\/wp\/v2\/media?parent=789"}],"curies":[{"name":"wp","href":"https:\/\/api.w.org\/{rel}","templated":true}]}}