{"id":785,"date":"2019-04-10T18:16:26","date_gmt":"2019-04-10T16:16:26","guid":{"rendered":"https:\/\/www.ivec-cleve.de\/representatives\/zeb\/"},"modified":"2025-10-30T12:41:02","modified_gmt":"2025-10-30T11:41:02","slug":"zeb","status":"publish","type":"page","link":"https:\/\/www.ivec-cleve.de\/en\/representatives\/zeb\/","title":{"rendered":"ZeB"},"content":{"rendered":"\r\n<p><img loading=\"lazy\" decoding=\"async\" title=\"zeb-header\" src=\"https:\/\/www.ivec-cleve.de\/wp-content\/uploads\/zeb-header.jpg\" alt=\"zeb-header\" width=\"1920\" height=\"700\" \/> <img decoding=\"async\" title=\"ZeB\" src=\"https:\/\/www.ivec-cleve.de\/wp-content\/uploads\/\/ZeB-300x188.jpg\" alt=\"ZeB\" \/><\/p>\r\n<h1>ZeB ElektroTechnik GmbH<\/h1>\r\n<p>The distribution company ZeB was formed as a spin-off from the industrial agents Hoppe &amp; Co. electronic which has been operating for 65 years. ZeB offers an extensive range of products in the field of connection technology. Together with\u00a0 manufacturers euro block, GCT Global Connector Technologies, STOCKO CONTACT, SUMIDA flexible connections and complementary products, the following connection technologies are offered:<\/p>\r\n<ul>\r\n<li>Crimp<\/li>\r\n<li>IDC<\/li>\r\n<li>FFC<\/li>\r\n<li>Board to Board<\/li>\r\n<li>Screw connectors<\/li>\r\n<li>Tools and machines<\/li>\r\n<\/ul>\r\n<p>Besides expert advice, support and modern storage facilities, what makes ZeB stand out from the crowd is its exceptional price-quality relationship.<br \/>ZeB is certified to ISO 9001:2015.<\/p>\r\n<p>Its head office in Nuremberg is located in a LEED-certified green building. The building complex is constructed in accordance with energy-saving principles in terms of its design, power supply, heating and air conditioning technology as well as its use of renewable energy.<\/p>\r\n<p>Crimp contacts<\/p>\r\n<p>Flexible flat conductor connectors<\/p>\r\n<p>Cable lugs<\/p>\r\n<p>Cable glands<\/p>\r\n<p>Board to board connectors<\/p>\r\n<p>Shrinking tubes and rubber sleeves<\/p>\r\n<p>Connector Systems<\/p>\r\n<p>USB and SIM connectors<\/p>\r\n<p>Tools<\/p>\r\n<!-- \tEND MULTIPLE SECTIONS -->\r\n<p><a role=\"button\" href=\"https:\/\/zeb-elektrotechnik.de\/\" target=\"_blank\" rel=\"noopener nofollow noreferrer\"> To the ZeB product catalog <\/a> <img loading=\"lazy\" decoding=\"async\" title=\"Robert Cleve\" src=\"https:\/\/www.ivec-cleve.de\/wp-content\/uploads\/robert2_square.jpg\" alt=\"Robert Cleve\" width=\"800\" height=\"800\" \/><\/p>\r\n<h2>Your contact person<\/h2>\r\n<p>For all questions about ZeB Mr. Robert Cleve is at your disposal.<\/p>\r\n<p><img loading=\"lazy\" decoding=\"async\" title=\"Torsten Cleve\" src=\"https:\/\/www.ivec-cleve.de\/wp-content\/uploads\/torsten3_square.jpg\" alt=\"Torsten Cleve\" width=\"800\" height=\"800\" \/><\/p>\r\n<h2>Your contact person<\/h2>\r\n<p>For all questions about ZeB Mr. Torsten Cleve is at your disposal.<\/p>\r\n<h2>DO YOU HAVE ANY QUESTIONS ABOUT OUR PRODUCT PORTFOLIO?<\/h2>\r\n<p><img decoding=\"async\" title=\"ivec-logo\" src=\"https:\/\/www.ivec-cleve.de\/wp-content\/uploads\/\/ivec-logo.svg\" alt=\"ivec-logo\" width=\"614.91\" height=\"274.03\" \/><\/p>\r\n<h3>IVEC<\/h3>\r\n<p>IVEC Industrievertretung<br \/>E. Cleve OHG<br \/>Obermarkt 31<br \/>82515 Wolfratshausen<\/p>\r\n<h3>CONTACT<\/h3>\r\n<p>Phone: +49 8171 81858-0<br \/>Fax: +49 8171 81858-19<br \/>E-mail: <a href=\"mailto:info@ivec-cleve.de\">info@ivec-cleve.de<\/a><br \/>Web: <a href=\"www.ivec-cleve.de\">www.ivec-cleve.de<\/a><\/p>\r\n","protected":false},"excerpt":{"rendered":"<p>ZeB ElektroTechnik GmbH The distribution company ZeB was formed as a spin-off from the industrial agents Hoppe &amp; Co. electronic which has been operating for 65 years. ZeB offers an extensive range of products in the field of connection technology. Together with\u00a0 manufacturers euro block, GCT Global Connector Technologies, STOCKO CONTACT, SUMIDA flexible connections and [&hellip;]<\/p>\n","protected":false},"author":1,"featured_media":0,"parent":780,"menu_order":5,"comment_status":"closed","ping_status":"closed","template":"","meta":{"site-sidebar-layout":"default","site-content-layout":"default","ast-site-content-layout":"default","site-content-style":"default","site-sidebar-style":"default","ast-global-header-display":"","ast-banner-title-visibility":"","ast-main-header-display":"","ast-hfb-above-header-display":"","ast-hfb-below-header-display":"","ast-hfb-mobile-header-display":"","site-post-title":"","ast-breadcrumbs-content":"","ast-featured-img":"","footer-sml-layout":"","ast-disable-related-posts":"","theme-transparent-header-meta":"default","adv-header-id-meta":"","stick-header-meta":"default","header-above-stick-meta":"","header-main-stick-meta":"","header-below-stick-meta":"","astra-migrate-meta-layouts":"set","ast-page-background-enabled":"default","ast-page-background-meta":{"desktop":{"background-color":"","background-image":"","background-repeat":"repeat","background-position":"center center","background-size":"auto","background-attachment":"scroll","background-type":"","background-media":"","overlay-type":"","overlay-color":"","overlay-opacity":"","overlay-gradient":""},"tablet":{"background-color":"","background-image":"","background-repeat":"repeat","background-position":"center center","background-size":"auto","background-attachment":"scroll","background-type":"","background-media":"","overlay-type":"","overlay-color":"","overlay-opacity":"","overlay-gradient":""},"mobile":{"background-color":"","background-image":"","background-repeat":"repeat","background-position":"center center","background-size":"auto","background-attachment":"scroll","background-type":"","background-media":"","overlay-type":"","overlay-color":"","overlay-opacity":"","overlay-gradient":""}},"ast-content-background-meta":{"desktop":{"background-color":"var(--ast-global-color-5)","background-image":"","background-repeat":"repeat","background-position":"center center","background-size":"auto","background-attachment":"scroll","background-type":"","background-media":"","overlay-type":"","overlay-color":"","overlay-opacity":"","overlay-gradient":""},"tablet":{"background-color":"var(--ast-global-color-5)","background-image":"","background-repeat":"repeat","background-position":"center center","background-size":"auto","background-attachment":"scroll","background-type":"","background-media":"","overlay-type":"","overlay-color":"","overlay-opacity":"","overlay-gradient":""},"mobile":{"background-color":"var(--ast-global-color-5)","background-image":"","background-repeat":"repeat","background-position":"center center","background-size":"auto","background-attachment":"scroll","background-type":"","background-media":"","overlay-type":"","overlay-color":"","overlay-opacity":"","overlay-gradient":""}},"footnotes":""},"class_list":["post-785","page","type-page","status-publish","hentry"],"yoast_head":"<!-- This site is optimized with the Yoast SEO plugin v27.2 - https:\/\/yoast.com\/product\/yoast-seo-wordpress\/ -->\n<title>ZeB \u2013 Connection technology for developers and industry<\/title>\n<meta name=\"description\" content=\"ZeB ElektroTechnik GmbH \u2013 expert advice, modern warehouse and first-class connection technology for projects of all sizes.\" \/>\n<meta name=\"robots\" content=\"index, follow, max-snippet:-1, max-image-preview:large, max-video-preview:-1\" \/>\n<link rel=\"canonical\" href=\"https:\/\/www.ivec-cleve.de\/en\/representatives\/zeb\/\" \/>\n<meta property=\"og:locale\" content=\"en_US\" \/>\n<meta property=\"og:type\" content=\"article\" \/>\n<meta property=\"og:title\" content=\"ZeB \u2013 Connection technology for developers and industry\" \/>\n<meta property=\"og:description\" content=\"ZeB ElektroTechnik GmbH \u2013 expert advice, modern warehouse and first-class connection technology for projects of all sizes.\" \/>\n<meta property=\"og:url\" content=\"https:\/\/www.ivec-cleve.de\/en\/representatives\/zeb\/\" \/>\n<meta property=\"og:site_name\" content=\"IVEC Industrievertretung E. Cleve OHG\" \/>\n<meta property=\"article:modified_time\" content=\"2025-10-30T11:41:02+00:00\" \/>\n<meta property=\"og:image\" content=\"https:\/\/www.ivec-cleve.de\/wp-content\/uploads\/zeb-header.jpg\" \/>\n<meta name=\"twitter:card\" content=\"summary_large_image\" \/>\n<meta name=\"twitter:label1\" content=\"Est. reading time\" \/>\n\t<meta name=\"twitter:data1\" content=\"3 minutes\" \/>\n<script type=\"application\/ld+json\" class=\"yoast-schema-graph\">{\"@context\":\"https:\/\/schema.org\",\"@graph\":[{\"@type\":\"WebPage\",\"@id\":\"https:\/\/www.ivec-cleve.de\/en\/representatives\/zeb\/\",\"url\":\"https:\/\/www.ivec-cleve.de\/en\/representatives\/zeb\/\",\"name\":\"ZeB \u2013 Connection technology for developers and industry\",\"isPartOf\":{\"@id\":\"https:\/\/www.ivec-cleve.de\/en\/#website\"},\"primaryImageOfPage\":{\"@id\":\"https:\/\/www.ivec-cleve.de\/en\/representatives\/zeb\/#primaryimage\"},\"image\":{\"@id\":\"https:\/\/www.ivec-cleve.de\/en\/representatives\/zeb\/#primaryimage\"},\"thumbnailUrl\":\"https:\/\/www.ivec-cleve.de\/wp-content\/uploads\/zeb-header.jpg\",\"datePublished\":\"2019-04-10T16:16:26+00:00\",\"dateModified\":\"2025-10-30T11:41:02+00:00\",\"description\":\"ZeB ElektroTechnik GmbH \u2013 expert advice, modern warehouse and first-class connection technology for projects of all sizes.\",\"breadcrumb\":{\"@id\":\"https:\/\/www.ivec-cleve.de\/en\/representatives\/zeb\/#breadcrumb\"},\"inLanguage\":\"en-US\",\"potentialAction\":[{\"@type\":\"ReadAction\",\"target\":[\"https:\/\/www.ivec-cleve.de\/en\/representatives\/zeb\/\"]}]},{\"@type\":\"ImageObject\",\"inLanguage\":\"en-US\",\"@id\":\"https:\/\/www.ivec-cleve.de\/en\/representatives\/zeb\/#primaryimage\",\"url\":\"https:\/\/www.ivec-cleve.de\/wp-content\/uploads\/zeb-header.jpg\",\"contentUrl\":\"https:\/\/www.ivec-cleve.de\/wp-content\/uploads\/zeb-header.jpg\"},{\"@type\":\"BreadcrumbList\",\"@id\":\"https:\/\/www.ivec-cleve.de\/en\/representatives\/zeb\/#breadcrumb\",\"itemListElement\":[{\"@type\":\"ListItem\",\"position\":1,\"name\":\"Startseite\",\"item\":\"https:\/\/www.ivec-cleve.de\/en\/\"},{\"@type\":\"ListItem\",\"position\":2,\"name\":\"old-not-active-Representatives\",\"item\":\"https:\/\/www.ivec-cleve.de\/en\/?page_id=780\"},{\"@type\":\"ListItem\",\"position\":3,\"name\":\"ZeB\"}]},{\"@type\":\"WebSite\",\"@id\":\"https:\/\/www.ivec-cleve.de\/en\/#website\",\"url\":\"https:\/\/www.ivec-cleve.de\/en\/\",\"name\":\"IVEC Industrievertretung E. Cleve OHG\",\"description\":\"IVEC ist in Bayern und Baden-W\u00fcrttemberg (nur ACP und Copal) als Industrievertretung f\u00fcr verschiedene Hersteller passiver und elektromechanischer Bauelemente t\u00e4tig\",\"publisher\":{\"@id\":\"https:\/\/www.ivec-cleve.de\/en\/#organization\"},\"potentialAction\":[{\"@type\":\"SearchAction\",\"target\":{\"@type\":\"EntryPoint\",\"urlTemplate\":\"https:\/\/www.ivec-cleve.de\/en\/?s={search_term_string}\"},\"query-input\":{\"@type\":\"PropertyValueSpecification\",\"valueRequired\":true,\"valueName\":\"search_term_string\"}}],\"inLanguage\":\"en-US\"},{\"@type\":\"Organization\",\"@id\":\"https:\/\/www.ivec-cleve.de\/en\/#organization\",\"name\":\"IVEC Industrievertretung E. Cleve OHG\",\"url\":\"https:\/\/www.ivec-cleve.de\/en\/\",\"logo\":{\"@type\":\"ImageObject\",\"inLanguage\":\"en-US\",\"@id\":\"https:\/\/www.ivec-cleve.de\/en\/#\/schema\/logo\/image\/\",\"url\":\"https:\/\/www.ivec-cleve.de\/wp-content\/uploads\/ivec-20-jahre.png\",\"contentUrl\":\"https:\/\/www.ivec-cleve.de\/wp-content\/uploads\/ivec-20-jahre.png\",\"width\":1165,\"height\":346,\"caption\":\"IVEC Industrievertretung E. Cleve OHG\"},\"image\":{\"@id\":\"https:\/\/www.ivec-cleve.de\/en\/#\/schema\/logo\/image\/\"}}]}<\/script>\n<!-- \/ Yoast SEO plugin. -->","yoast_head_json":{"title":"ZeB \u2013 Connection technology for developers and industry","description":"ZeB ElektroTechnik GmbH \u2013 expert advice, modern warehouse and first-class connection technology for projects of all sizes.","robots":{"index":"index","follow":"follow","max-snippet":"max-snippet:-1","max-image-preview":"max-image-preview:large","max-video-preview":"max-video-preview:-1"},"canonical":"https:\/\/www.ivec-cleve.de\/en\/representatives\/zeb\/","og_locale":"en_US","og_type":"article","og_title":"ZeB \u2013 Connection technology for developers and industry","og_description":"ZeB ElektroTechnik GmbH \u2013 expert advice, modern warehouse and first-class connection technology for projects of all sizes.","og_url":"https:\/\/www.ivec-cleve.de\/en\/representatives\/zeb\/","og_site_name":"IVEC Industrievertretung E. Cleve OHG","article_modified_time":"2025-10-30T11:41:02+00:00","og_image":[{"url":"https:\/\/www.ivec-cleve.de\/wp-content\/uploads\/zeb-header.jpg","type":"","width":"","height":""}],"twitter_card":"summary_large_image","twitter_misc":{"Est. reading time":"3 minutes"},"schema":{"@context":"https:\/\/schema.org","@graph":[{"@type":"WebPage","@id":"https:\/\/www.ivec-cleve.de\/en\/representatives\/zeb\/","url":"https:\/\/www.ivec-cleve.de\/en\/representatives\/zeb\/","name":"ZeB \u2013 Connection technology for developers and industry","isPartOf":{"@id":"https:\/\/www.ivec-cleve.de\/en\/#website"},"primaryImageOfPage":{"@id":"https:\/\/www.ivec-cleve.de\/en\/representatives\/zeb\/#primaryimage"},"image":{"@id":"https:\/\/www.ivec-cleve.de\/en\/representatives\/zeb\/#primaryimage"},"thumbnailUrl":"https:\/\/www.ivec-cleve.de\/wp-content\/uploads\/zeb-header.jpg","datePublished":"2019-04-10T16:16:26+00:00","dateModified":"2025-10-30T11:41:02+00:00","description":"ZeB ElektroTechnik GmbH \u2013 expert advice, modern warehouse and first-class connection technology for projects of all sizes.","breadcrumb":{"@id":"https:\/\/www.ivec-cleve.de\/en\/representatives\/zeb\/#breadcrumb"},"inLanguage":"en-US","potentialAction":[{"@type":"ReadAction","target":["https:\/\/www.ivec-cleve.de\/en\/representatives\/zeb\/"]}]},{"@type":"ImageObject","inLanguage":"en-US","@id":"https:\/\/www.ivec-cleve.de\/en\/representatives\/zeb\/#primaryimage","url":"https:\/\/www.ivec-cleve.de\/wp-content\/uploads\/zeb-header.jpg","contentUrl":"https:\/\/www.ivec-cleve.de\/wp-content\/uploads\/zeb-header.jpg"},{"@type":"BreadcrumbList","@id":"https:\/\/www.ivec-cleve.de\/en\/representatives\/zeb\/#breadcrumb","itemListElement":[{"@type":"ListItem","position":1,"name":"Startseite","item":"https:\/\/www.ivec-cleve.de\/en\/"},{"@type":"ListItem","position":2,"name":"old-not-active-Representatives","item":"https:\/\/www.ivec-cleve.de\/en\/?page_id=780"},{"@type":"ListItem","position":3,"name":"ZeB"}]},{"@type":"WebSite","@id":"https:\/\/www.ivec-cleve.de\/en\/#website","url":"https:\/\/www.ivec-cleve.de\/en\/","name":"IVEC Industrievertretung E. Cleve OHG","description":"IVEC ist in Bayern und Baden-W\u00fcrttemberg (nur ACP und Copal) als Industrievertretung f\u00fcr verschiedene Hersteller passiver und elektromechanischer Bauelemente t\u00e4tig","publisher":{"@id":"https:\/\/www.ivec-cleve.de\/en\/#organization"},"potentialAction":[{"@type":"SearchAction","target":{"@type":"EntryPoint","urlTemplate":"https:\/\/www.ivec-cleve.de\/en\/?s={search_term_string}"},"query-input":{"@type":"PropertyValueSpecification","valueRequired":true,"valueName":"search_term_string"}}],"inLanguage":"en-US"},{"@type":"Organization","@id":"https:\/\/www.ivec-cleve.de\/en\/#organization","name":"IVEC Industrievertretung E. Cleve OHG","url":"https:\/\/www.ivec-cleve.de\/en\/","logo":{"@type":"ImageObject","inLanguage":"en-US","@id":"https:\/\/www.ivec-cleve.de\/en\/#\/schema\/logo\/image\/","url":"https:\/\/www.ivec-cleve.de\/wp-content\/uploads\/ivec-20-jahre.png","contentUrl":"https:\/\/www.ivec-cleve.de\/wp-content\/uploads\/ivec-20-jahre.png","width":1165,"height":346,"caption":"IVEC Industrievertretung E. Cleve OHG"},"image":{"@id":"https:\/\/www.ivec-cleve.de\/en\/#\/schema\/logo\/image\/"}}]}},"_links":{"self":[{"href":"https:\/\/www.ivec-cleve.de\/en\/wp-json\/wp\/v2\/pages\/785","targetHints":{"allow":["GET"]}}],"collection":[{"href":"https:\/\/www.ivec-cleve.de\/en\/wp-json\/wp\/v2\/pages"}],"about":[{"href":"https:\/\/www.ivec-cleve.de\/en\/wp-json\/wp\/v2\/types\/page"}],"author":[{"embeddable":true,"href":"https:\/\/www.ivec-cleve.de\/en\/wp-json\/wp\/v2\/users\/1"}],"replies":[{"embeddable":true,"href":"https:\/\/www.ivec-cleve.de\/en\/wp-json\/wp\/v2\/comments?post=785"}],"version-history":[{"count":2,"href":"https:\/\/www.ivec-cleve.de\/en\/wp-json\/wp\/v2\/pages\/785\/revisions"}],"predecessor-version":[{"id":1595,"href":"https:\/\/www.ivec-cleve.de\/en\/wp-json\/wp\/v2\/pages\/785\/revisions\/1595"}],"up":[{"embeddable":true,"href":"https:\/\/www.ivec-cleve.de\/en\/wp-json\/wp\/v2\/pages\/780"}],"wp:attachment":[{"href":"https:\/\/www.ivec-cleve.de\/en\/wp-json\/wp\/v2\/media?parent=785"}],"curies":[{"name":"wp","href":"https:\/\/api.w.org\/{rel}","templated":true}]}}