{"id":781,"date":"2019-04-10T17:51:07","date_gmt":"2019-04-10T15:51:07","guid":{"rendered":"https:\/\/www.ivec-cleve.de\/representatives\/koa\/"},"modified":"2026-03-19T19:52:40","modified_gmt":"2026-03-19T18:52:40","slug":"koa","status":"publish","type":"page","link":"https:\/\/www.ivec-cleve.de\/en\/representatives\/koa\/","title":{"rendered":"KOA"},"content":{"rendered":"\n<figure itemscope itemtype=\"https:\/\/schema.org\/ImageObject\">\n\t\t\t\t<img decoding=\"async\" src=\"https:\/\/www.ivec-cleve.de\/wp-content\/uploads\/ivec-vertretungenkoa.jpg\" alt=\"KOA Zentrale\" height=\"700\" width=\"1920\" title=\"ivec-vertretungenkoa\" onerror=\"this.style.display='none'\" loading=\"lazy\" \/>\n\t<\/figure>\n<figure itemscope itemtype=\"https:\/\/schema.org\/ImageObject\">\n\t\t\t\t<img decoding=\"async\" src=\"https:\/\/www.ivec-cleve.de\/wp-content\/uploads\/\/KOA-300x188.jpg\" alt=\"Logo KOA\" title=\"KOA\" onerror=\"this.style.display='none'\" loading=\"lazy\" \/>\n\t<\/figure>\n<h1>\n\t\t\tKOA Europe GmbH\t<\/h1>\n\t<p>KOA is one of the world&#8217;s largest manufacturers of passive components, and besides resistors, it also offers temperature sensors, varistors, fuses and LTCCs. The European market is serviced by KOA Europe GmbH, set up in 1995 and headquartered in D\u00e4geling\/Itzehoe near Hamburg. Around 75% of sales in Europe are generated in three markets: automotive, industrial and telecommunications.<\/p>\n<p>KOA Europe is a wholly owned subsidiary of KOA Corporation, Japan. KOA employs approximately 4,000 people worldwide. It has 24 production facilities in Japan, China and Malaysia.<\/p>\n<p>The complete product range with its excellent quality, flexible, expert service and the superb logistics of KOA Europe meet even the highest customer requirements. The majority of KOA products are AEC-Q200 tested due to its numerous customers from the automotive sector. The company is naturally certified to DIN EN ISO 9001, IATF 16949 and ISO 14001.<\/p>\n  <p>Bedrahtete Widerst\u00e4nde<\/p>\n  <p>Dickschicht Niederohm Widerst\u00e4nde<\/p>\n  <p>Dickschicht Pr\u00e4zisionswiderst\u00e4nde<\/p>\n  <p>D\u00fcnnschicht Pr\u00e4zisionswiderst\u00e4nde<\/p>\n  <p>D\u00fcnnschicht Widerstandsnetzwerke<\/p>\n  <p>Embedded Widerst\u00e4nde<\/p>\n  <p>Impulsfeste Widerst\u00e4nde<\/p>\n  <p>Jumper Widerst\u00e4nde<\/p>\n  <p>LTCC Substrate<\/p>\n  <p>Schwefelresistente Chip Widerst\u00e4nde<\/p>\n  <p>Shunt Widerst\u00e4nde<\/p>\n  <p>Spannungsfeste Widerst\u00e4nde<\/p>\n  <p>Thermistoren<\/p>\n  <p>Varistoren<\/p>\n  <p>Wide terminal Widerstand<\/p>\n  <p>Widerstandssicherungen<\/p>\n<!-- \tEND MULTIPLE SECTIONS -->\n\t\t\t<a href=\"https:\/\/koaeurope.de\/\"  target=\"_blank\" rel=\"noopener nofollow\"    rel=\"noopener nofollow\">\n\t\t\t\t\t\tTo the KOA Europe product catalog\n\t\t\t\t\t<\/a>\n<figure itemscope itemtype=\"https:\/\/schema.org\/ImageObject\">\n\t\t\t\t<img decoding=\"async\" src=\"https:\/\/www.ivec-cleve.de\/wp-content\/uploads\/robert2_square.jpg\" alt=\"Robert Cleve\" height=\"800\" width=\"800\" title=\"Robert Cleve\" onerror=\"this.style.display='none'\" loading=\"lazy\" \/>\n\t<\/figure>\n<h2>\n\t\t\tYour contact person\t<\/h2>\n\t<p>For all questions about KOA Europe Mr. Robert Cleve is at your disposal.<\/p>\n<figure itemscope itemtype=\"https:\/\/schema.org\/ImageObject\">\n\t\t\t\t<img decoding=\"async\" src=\"https:\/\/www.ivec-cleve.de\/wp-content\/uploads\/torsten3_square.jpg\" alt=\"Torsten Cleve\" height=\"800\" width=\"800\" title=\"Torsten Cleve\" onerror=\"this.style.display='none'\" loading=\"lazy\" \/>\n\t<\/figure>\n<h2>\n\t\t\tYour contact person\t<\/h2>\n\t<p>For all questions about KOA Europe Mr. Torsten Cleve is at your disposal.<\/p>\n<figure itemscope itemtype=\"https:\/\/schema.org\/ImageObject\">\n\t\t\t\t<img decoding=\"async\" src=\"https:\/\/www.ivec-cleve.de\/wp-content\/uploads\/vertreieb-mitarbeiter-fahd-chaouachi.webp\" alt=\"vertreieb-mitarbeiter-fahd chaouachi\" height=\"800\" width=\"800\" title=\"vertreieb-mitarbeiter-fahd chaouachi\" onerror=\"this.style.display='none'\" loading=\"lazy\" \/>\n\t<\/figure>\n<h2>\n\t\t\tYour contact person\t<\/h2>\n\t<p>For all questions about KOA Europe Mr. Fahd Chaouachi is at your disposal.<\/p>\n<h2>\n\t\t\tHaben Sie Fragen zu KOA und den<br \/>Produkten dieser Vertretung?\t<\/h2>\n\t<div class='fluentform ff-default fluentform_wrapper_3 ffs_default_wrap'><form data-form_id=\"3\" id=\"fluentform_3\" class=\"frm-fluent-form fluent_form_3 ff-el-form-top ff_form_instance_3_1 ff-form-loading ffs_default\" data-form_instance=\"ff_form_instance_3_1\" method=\"POST\" ><fieldset  style=\"border: none!important;margin: 0!important;padding: 0!important;background-color: transparent!important;box-shadow: none!important;outline: none!important; min-inline-size: 100%;\">\n                    <legend class=\"ff_screen_reader_title\" style=\"display: block; margin: 0!important;padding: 0!important;height: 0!important;text-indent: -999999px;width: 0!important;overflow:hidden;\">Kontaktformular<\/legend>        <div\n                style=\"display: none!important; position: absolute!important; transform: translateX(1000%)!important;\"\n                class=\"ff-el-group ff-hpsf-container\"\n        >\n            <div class=\"ff-el-input--label asterisk-right\">\n                <label for=\"ff_3_item_sf\" aria-label=\"Subscribe\">\n                    Subscribe                <\/label>\n            <\/div>\n            <div class=\"ff-el-input--content\">\n                <input type=\"text\"\n                       name=\"item_3__fluent_sf\"\n                       class=\"ff-el-form-control\"\n                       id=\"ff_3_item_sf\"\n                \/>\n            <\/div>\n        <\/div>\n                <input type=\"hidden\" id=\"__fluent_protection_token_3\" class=\"fluent-form-token-field\" name=\"__fluent_protection_token_3\">\n        <input type='hidden' name='__fluent_form_embded_post_id' value='781' \/><input type=\"hidden\" id=\"_fluentform_3_fluentformnonce\" name=\"_fluentform_3_fluentformnonce\" value=\"325be20917\" \/><input type=\"hidden\" name=\"_wp_http_referer\" value=\"\/en\/wp-json\/wp\/v2\/pages\/781\" \/><div data-name=\"ff_cn_id_1\"  class='ff-t-container ff-column-container ff_columns_total_2 '><div class='ff-t-cell ff-t-column-1' style='flex-basis: 50%;'><div class='ff-el-group ff-el-form-hide_label'><div class=\"ff-el-input--label ff-el-is-required asterisk-right\"><label for='ff_3_input_text' id='label_ff_3_input_text' aria-label=\"VORNAME\">VORNAME<\/label><\/div><div class='ff-el-input--content'><input type=\"text\" name=\"input_text\" class=\"ff-el-form-control\" placeholder=\"VORNAME\" data-name=\"input_text\" id=\"ff_3_input_text\"  aria-invalid=\"false\" aria-required=true><\/div><\/div><\/div><div class='ff-t-cell ff-t-column-2' style='flex-basis: 50%;'><div class='ff-el-group ff-el-form-hide_label'><div class=\"ff-el-input--label ff-el-is-required asterisk-right\"><label for='ff_3_input_text_1' id='label_ff_3_input_text_1' aria-label=\"NACHNAME\">NACHNAME<\/label><\/div><div class='ff-el-input--content'><input type=\"text\" name=\"input_text_1\" class=\"ff-el-form-control\" placeholder=\"NACHNAME\" data-name=\"input_text_1\" id=\"ff_3_input_text_1\"  aria-invalid=\"false\" aria-required=true><\/div><\/div><\/div><\/div><div data-name=\"ff_cn_id_2\"  class='ff-t-container ff-column-container ff_columns_total_2 '><div class='ff-t-cell ff-t-column-1' style='flex-basis: 50%;'><div class='ff-el-group ff-el-form-hide_label'><div class=\"ff-el-input--label ff-el-is-required asterisk-right\"><label for='ff_3_input_text_2' id='label_ff_3_input_text_2' aria-label=\"UNTERNEHMEN\">UNTERNEHMEN<\/label><\/div><div class='ff-el-input--content'><input type=\"text\" name=\"input_text_2\" class=\"ff-el-form-control\" placeholder=\"UNTERNEHMEN\" data-name=\"input_text_2\" id=\"ff_3_input_text_2\"  aria-invalid=\"false\" aria-required=true><\/div><\/div><\/div><div class='ff-t-cell ff-t-column-2' style='flex-basis: 50%;'><div class='ff-el-group ff-el-form-hide_label'><div class=\"ff-el-input--label asterisk-right\"><label for='ff_3_email' id='label_ff_3_email' aria-label=\"E-MAIL\">E-MAIL<\/label><\/div><div class='ff-el-input--content'><input type=\"email\" name=\"email\" id=\"ff_3_email\" class=\"ff-el-form-control\" placeholder=\"E-MAIL\" data-name=\"email\"  aria-invalid=\"false\" aria-required=false><\/div><\/div><\/div><\/div><div class='ff-el-group ff-el-form-hide_label'><div class=\"ff-el-input--label ff-el-is-required asterisk-right\"><label for='ff_3_description' id='label_ff_3_description' aria-label=\"IHRE NACHRICHT AN UNS\">IHRE NACHRICHT AN UNS<\/label><\/div><div class='ff-el-input--content'><textarea aria-required=\"true\" aria-labelledby=\"label_ff_3_description\" name=\"description\" id=\"ff_3_description\" class=\"ff-el-form-control\" placeholder=\"IHRE NACHRICHT AN UNS\" rows=\"3\" cols=\"2\" data-name=\"description\" ><\/textarea><\/div><\/div><div class='ff-el-group ff-el-form-hide_label'><div class=\"ff-el-input--label ff-el-is-required asterisk-right\"><label   aria-label=\"DATENSCHUTZ\">DATENSCHUTZ<\/label><\/div><div class='ff-el-input--content'><div class='ff-el-form-check ff-el-form-check-'><label class='ff-el-form-check-label' for='checkbox_0f37a87e14e651bb6722edce981958c6'><input  type=\"checkbox\" name=\"checkbox[]\" data-name=\"checkbox\" class=\"ff-el-form-check-input ff-el-form-check-checkbox\" value=\"Ja, ich erkl\u00e4re mich damit einverstanden, dass meine Angaben aus dem Kontaktformular zur Bearbeitung meines Anliegens verwendet werden. Weitere Informationen zum Datenschutz und zu Widerrufsm\u00f6glichkeiten k\u00f6nnen in der &lt;a href=&quot;\/datenschutzerklaerung&quot; target=&quot;_blank&quot;&gt;Datenschutzerkl\u00e4rung&lt;\/a&gt; eingesehen werden.\"  id='checkbox_0f37a87e14e651bb6722edce981958c6' aria-label='Ja, ich erkl\u00e4re mich damit einverstanden, dass meine Angaben aus dem Kontaktformular zur Bearbeitung meines Anliegens verwendet werden. Weitere Informationen zum Datenschutz und zu Widerrufsm\u00f6glichkeiten k\u00f6nnen in der &lt;a href=&quot;\/datenschutzerklaerung&quot; target=&quot;_blank&quot;&gt;Datenschutzerkl\u00e4rung&lt;\/a&gt; eingesehen werden.' aria-invalid='false' aria-required=true> <span>Ja, ich erkl\u00e4re mich damit einverstanden, dass meine Angaben aus dem Kontaktformular zur Bearbeitung meines Anliegens verwendet werden. Weitere Informationen zum Datenschutz und zu Widerrufsm\u00f6glichkeiten k\u00f6nnen in der <a href=\"\/datenschutzerklaerung\" target=\"_blank\">Datenschutzerkl\u00e4rung<\/a> eingesehen werden.<\/span><\/label><\/div><\/div><\/div><div class='ff-el-group ff-text-center ff_submit_btn_wrapper'><button type=\"submit\" class=\"ff-btn ff-btn-submit ff-btn-lg ff_btn_style wpf_has_custom_css\"  aria-label=\"Abschicken\">Abschicken<\/button><\/div><\/fieldset><\/form><div id='fluentform_3_errors' class='ff-errors-in-stack ff_form_instance_3_1 ff-form-loading_errors ff_form_instance_3_1_errors'><\/div><\/div>            <script type=\"text\/javascript\">\n                window.fluent_form_ff_form_instance_3_1 = {\"id\":\"3\",\"ajaxUrl\":\"https:\\\/\\\/www.ivec-cleve.de\\\/wp-admin\\\/admin-ajax.php\",\"settings\":{\"layout\":{\"labelPlacement\":\"top\",\"helpMessagePlacement\":\"with_label\",\"errorMessagePlacement\":\"inline\",\"asteriskPlacement\":\"asterisk-right\"},\"restrictions\":{\"denyEmptySubmission\":{\"enabled\":false}}},\"form_instance\":\"ff_form_instance_3_1\",\"form_id_selector\":\"fluentform_3\",\"rules\":{\"input_text\":{\"required\":{\"value\":true,\"message\":\"Das ist ein Pflichtfeld.\"}},\"input_text_1\":{\"required\":{\"value\":true,\"message\":\"Das ist ein Pflichtfeld.\"}},\"input_text_2\":{\"required\":{\"value\":true,\"message\":\"Das ist ein Pflichtfeld.\"}},\"email\":{\"required\":{\"value\":false,\"message\":\"Dieses Feld ist erforderlich\"},\"email\":{\"value\":true,\"message\":\"Dieses Feld muss eine g\\u00fcltige E-Mail-Adresse enthalten.\"}},\"description\":{\"required\":{\"value\":true,\"message\":\"Das ist ein Pflichtfeld.\"}},\"checkbox\":{\"required\":{\"value\":true,\"message\":\"Das ist ein Pflichtfeld.\"}}},\"debounce_time\":300};\n                            <\/script>\n            \n\t<h3>IVEC<\/h3>\nIVEC Industrievertretung<br \/>\nE. Cleve OHG<br \/>\nObermarkt 31<br \/>\n82515 Wolfratshausen\n\t<h3>KONTAKT<\/h3>\nPhone: <a href=\"tel:+49871818580\">+49 8171 81858-0<\/a><br \/>\nFax: +49 8171 81858-19<br \/>\nE-mail: <a href=\"mailto:info@ivec-cleve.de\">info@ivec-cleve.de<\/a><br \/>\nWeb: <a href=\"https:\/\/www.ivec-cleve.de\/\">www.ivec-cleve.de<\/a>\n\n","protected":false},"excerpt":{"rendered":"<p>KOA Europe GmbH KOA is one of the world&#8217;s largest manufacturers of passive components, and besides resistors, it also offers temperature sensors, varistors, fuses and LTCCs. The European market is serviced by KOA Europe GmbH, set up in 1995 and headquartered in D\u00e4geling\/Itzehoe near Hamburg. Around 75% of sales in Europe are generated in three [&hellip;]<\/p>\n","protected":false},"author":1,"featured_media":0,"parent":780,"menu_order":2,"comment_status":"closed","ping_status":"closed","template":"","meta":{"site-sidebar-layout":"default","site-content-layout":"default","ast-site-content-layout":"default","site-content-style":"default","site-sidebar-style":"default","ast-global-header-display":"","ast-banner-title-visibility":"","ast-main-header-display":"","ast-hfb-above-header-display":"","ast-hfb-below-header-display":"","ast-hfb-mobile-header-display":"","site-post-title":"","ast-breadcrumbs-content":"","ast-featured-img":"","footer-sml-layout":"","ast-disable-related-posts":"","theme-transparent-header-meta":"default","adv-header-id-meta":"","stick-header-meta":"default","header-above-stick-meta":"","header-main-stick-meta":"","header-below-stick-meta":"","astra-migrate-meta-layouts":"set","ast-page-background-enabled":"default","ast-page-background-meta":{"desktop":{"background-color":"","background-image":"","background-repeat":"repeat","background-position":"center center","background-size":"auto","background-attachment":"scroll","background-type":"","background-media":"","overlay-type":"","overlay-color":"","overlay-opacity":"","overlay-gradient":""},"tablet":{"background-color":"","background-image":"","background-repeat":"repeat","background-position":"center center","background-size":"auto","background-attachment":"scroll","background-type":"","background-media":"","overlay-type":"","overlay-color":"","overlay-opacity":"","overlay-gradient":""},"mobile":{"background-color":"","background-image":"","background-repeat":"repeat","background-position":"center center","background-size":"auto","background-attachment":"scroll","background-type":"","background-media":"","overlay-type":"","overlay-color":"","overlay-opacity":"","overlay-gradient":""}},"ast-content-background-meta":{"desktop":{"background-color":"var(--ast-global-color-5)","background-image":"","background-repeat":"repeat","background-position":"center center","background-size":"auto","background-attachment":"scroll","background-type":"","background-media":"","overlay-type":"","overlay-color":"","overlay-opacity":"","overlay-gradient":""},"tablet":{"background-color":"var(--ast-global-color-5)","background-image":"","background-repeat":"repeat","background-position":"center center","background-size":"auto","background-attachment":"scroll","background-type":"","background-media":"","overlay-type":"","overlay-color":"","overlay-opacity":"","overlay-gradient":""},"mobile":{"background-color":"var(--ast-global-color-5)","background-image":"","background-repeat":"repeat","background-position":"center center","background-size":"auto","background-attachment":"scroll","background-type":"","background-media":"","overlay-type":"","overlay-color":"","overlay-opacity":"","overlay-gradient":""}},"footnotes":""},"class_list":["post-781","page","type-page","status-publish","hentry"],"yoast_head":"<!-- This site is optimized with the Yoast SEO plugin v27.4 - https:\/\/yoast.com\/product\/yoast-seo-wordpress\/ -->\n<title>KOA Europe \u2013 High-quality passive components for developers<\/title>\n<meta name=\"description\" content=\"Discover KOA Europe&#039;s wide range of products \u2013 tested, ISO-certified and reliably available for developers and purchasers.\" \/>\n<meta name=\"robots\" content=\"index, follow, max-snippet:-1, max-image-preview:large, max-video-preview:-1\" \/>\n<link rel=\"canonical\" href=\"https:\/\/www.ivec-cleve.de\/en\/representatives\/koa\/\" \/>\n<meta property=\"og:locale\" content=\"en_US\" \/>\n<meta property=\"og:type\" content=\"article\" \/>\n<meta property=\"og:title\" content=\"KOA Europe \u2013 High-quality passive components for developers\" \/>\n<meta property=\"og:description\" content=\"Discover KOA Europe&#039;s wide range of products \u2013 tested, ISO-certified and reliably available for developers and purchasers.\" \/>\n<meta property=\"og:url\" content=\"https:\/\/www.ivec-cleve.de\/en\/representatives\/koa\/\" \/>\n<meta property=\"og:site_name\" content=\"IVEC Industrievertretung E. Cleve OHG\" \/>\n<meta property=\"article:modified_time\" content=\"2026-03-19T18:52:40+00:00\" \/>\n<meta property=\"og:image\" content=\"https:\/\/www.ivec-cleve.de\/wp-content\/uploads\/ivec-vertretungenkoa.jpg\" \/>\n<meta name=\"twitter:card\" content=\"summary_large_image\" \/>\n<meta name=\"twitter:label1\" content=\"Est. reading time\" \/>\n\t<meta name=\"twitter:data1\" content=\"4 minutes\" \/>\n<script type=\"application\/ld+json\" class=\"yoast-schema-graph\">{\"@context\":\"https:\\\/\\\/schema.org\",\"@graph\":[{\"@type\":\"WebPage\",\"@id\":\"https:\\\/\\\/www.ivec-cleve.de\\\/en\\\/representatives\\\/koa\\\/\",\"url\":\"https:\\\/\\\/www.ivec-cleve.de\\\/en\\\/representatives\\\/koa\\\/\",\"name\":\"KOA Europe \u2013 High-quality passive components for developers\",\"isPartOf\":{\"@id\":\"https:\\\/\\\/www.ivec-cleve.de\\\/en\\\/#website\"},\"primaryImageOfPage\":{\"@id\":\"https:\\\/\\\/www.ivec-cleve.de\\\/en\\\/representatives\\\/koa\\\/#primaryimage\"},\"image\":{\"@id\":\"https:\\\/\\\/www.ivec-cleve.de\\\/en\\\/representatives\\\/koa\\\/#primaryimage\"},\"thumbnailUrl\":\"https:\\\/\\\/www.ivec-cleve.de\\\/wp-content\\\/uploads\\\/ivec-vertretungenkoa.jpg\",\"datePublished\":\"2019-04-10T15:51:07+00:00\",\"dateModified\":\"2026-03-19T18:52:40+00:00\",\"description\":\"Discover KOA Europe's wide range of products \u2013 tested, ISO-certified and reliably available for developers and purchasers.\",\"breadcrumb\":{\"@id\":\"https:\\\/\\\/www.ivec-cleve.de\\\/en\\\/representatives\\\/koa\\\/#breadcrumb\"},\"inLanguage\":\"en-US\",\"potentialAction\":[{\"@type\":\"ReadAction\",\"target\":[\"https:\\\/\\\/www.ivec-cleve.de\\\/en\\\/representatives\\\/koa\\\/\"]}]},{\"@type\":\"ImageObject\",\"inLanguage\":\"en-US\",\"@id\":\"https:\\\/\\\/www.ivec-cleve.de\\\/en\\\/representatives\\\/koa\\\/#primaryimage\",\"url\":\"https:\\\/\\\/www.ivec-cleve.de\\\/wp-content\\\/uploads\\\/ivec-vertretungenkoa.jpg\",\"contentUrl\":\"https:\\\/\\\/www.ivec-cleve.de\\\/wp-content\\\/uploads\\\/ivec-vertretungenkoa.jpg\"},{\"@type\":\"BreadcrumbList\",\"@id\":\"https:\\\/\\\/www.ivec-cleve.de\\\/en\\\/representatives\\\/koa\\\/#breadcrumb\",\"itemListElement\":[{\"@type\":\"ListItem\",\"position\":1,\"name\":\"Startseite\",\"item\":\"https:\\\/\\\/www.ivec-cleve.de\\\/en\\\/\"},{\"@type\":\"ListItem\",\"position\":2,\"name\":\"old-not-active-Representatives\",\"item\":\"https:\\\/\\\/www.ivec-cleve.de\\\/en\\\/?page_id=780\"},{\"@type\":\"ListItem\",\"position\":3,\"name\":\"KOA\"}]},{\"@type\":\"WebSite\",\"@id\":\"https:\\\/\\\/www.ivec-cleve.de\\\/en\\\/#website\",\"url\":\"https:\\\/\\\/www.ivec-cleve.de\\\/en\\\/\",\"name\":\"IVEC Industrievertretung E. Cleve OHG\",\"description\":\"IVEC ist in Bayern und Baden-W\u00fcrttemberg (nur ACP und Copal) als Industrievertretung f\u00fcr verschiedene Hersteller passiver und elektromechanischer Bauelemente t\u00e4tig\",\"publisher\":{\"@id\":\"https:\\\/\\\/www.ivec-cleve.de\\\/en\\\/#organization\"},\"potentialAction\":[{\"@type\":\"SearchAction\",\"target\":{\"@type\":\"EntryPoint\",\"urlTemplate\":\"https:\\\/\\\/www.ivec-cleve.de\\\/en\\\/?s={search_term_string}\"},\"query-input\":{\"@type\":\"PropertyValueSpecification\",\"valueRequired\":true,\"valueName\":\"search_term_string\"}}],\"inLanguage\":\"en-US\"},{\"@type\":\"Organization\",\"@id\":\"https:\\\/\\\/www.ivec-cleve.de\\\/en\\\/#organization\",\"name\":\"IVEC Industrievertretung E. Cleve OHG\",\"url\":\"https:\\\/\\\/www.ivec-cleve.de\\\/en\\\/\",\"logo\":{\"@type\":\"ImageObject\",\"inLanguage\":\"en-US\",\"@id\":\"https:\\\/\\\/www.ivec-cleve.de\\\/en\\\/#\\\/schema\\\/logo\\\/image\\\/\",\"url\":\"https:\\\/\\\/www.ivec-cleve.de\\\/wp-content\\\/uploads\\\/ivec-20-jahre.png\",\"contentUrl\":\"https:\\\/\\\/www.ivec-cleve.de\\\/wp-content\\\/uploads\\\/ivec-20-jahre.png\",\"width\":1165,\"height\":346,\"caption\":\"IVEC Industrievertretung E. Cleve OHG\"},\"image\":{\"@id\":\"https:\\\/\\\/www.ivec-cleve.de\\\/en\\\/#\\\/schema\\\/logo\\\/image\\\/\"}}]}<\/script>\n<!-- \/ Yoast SEO plugin. -->","yoast_head_json":{"title":"KOA Europe \u2013 High-quality passive components for developers","description":"Discover KOA Europe's wide range of products \u2013 tested, ISO-certified and reliably available for developers and purchasers.","robots":{"index":"index","follow":"follow","max-snippet":"max-snippet:-1","max-image-preview":"max-image-preview:large","max-video-preview":"max-video-preview:-1"},"canonical":"https:\/\/www.ivec-cleve.de\/en\/representatives\/koa\/","og_locale":"en_US","og_type":"article","og_title":"KOA Europe \u2013 High-quality passive components for developers","og_description":"Discover KOA Europe's wide range of products \u2013 tested, ISO-certified and reliably available for developers and purchasers.","og_url":"https:\/\/www.ivec-cleve.de\/en\/representatives\/koa\/","og_site_name":"IVEC Industrievertretung E. Cleve OHG","article_modified_time":"2026-03-19T18:52:40+00:00","og_image":[{"url":"https:\/\/www.ivec-cleve.de\/wp-content\/uploads\/ivec-vertretungenkoa.jpg","type":"","width":"","height":""}],"twitter_card":"summary_large_image","twitter_misc":{"Est. reading time":"4 minutes"},"schema":{"@context":"https:\/\/schema.org","@graph":[{"@type":"WebPage","@id":"https:\/\/www.ivec-cleve.de\/en\/representatives\/koa\/","url":"https:\/\/www.ivec-cleve.de\/en\/representatives\/koa\/","name":"KOA Europe \u2013 High-quality passive components for developers","isPartOf":{"@id":"https:\/\/www.ivec-cleve.de\/en\/#website"},"primaryImageOfPage":{"@id":"https:\/\/www.ivec-cleve.de\/en\/representatives\/koa\/#primaryimage"},"image":{"@id":"https:\/\/www.ivec-cleve.de\/en\/representatives\/koa\/#primaryimage"},"thumbnailUrl":"https:\/\/www.ivec-cleve.de\/wp-content\/uploads\/ivec-vertretungenkoa.jpg","datePublished":"2019-04-10T15:51:07+00:00","dateModified":"2026-03-19T18:52:40+00:00","description":"Discover KOA Europe's wide range of products \u2013 tested, ISO-certified and reliably available for developers and purchasers.","breadcrumb":{"@id":"https:\/\/www.ivec-cleve.de\/en\/representatives\/koa\/#breadcrumb"},"inLanguage":"en-US","potentialAction":[{"@type":"ReadAction","target":["https:\/\/www.ivec-cleve.de\/en\/representatives\/koa\/"]}]},{"@type":"ImageObject","inLanguage":"en-US","@id":"https:\/\/www.ivec-cleve.de\/en\/representatives\/koa\/#primaryimage","url":"https:\/\/www.ivec-cleve.de\/wp-content\/uploads\/ivec-vertretungenkoa.jpg","contentUrl":"https:\/\/www.ivec-cleve.de\/wp-content\/uploads\/ivec-vertretungenkoa.jpg"},{"@type":"BreadcrumbList","@id":"https:\/\/www.ivec-cleve.de\/en\/representatives\/koa\/#breadcrumb","itemListElement":[{"@type":"ListItem","position":1,"name":"Startseite","item":"https:\/\/www.ivec-cleve.de\/en\/"},{"@type":"ListItem","position":2,"name":"old-not-active-Representatives","item":"https:\/\/www.ivec-cleve.de\/en\/?page_id=780"},{"@type":"ListItem","position":3,"name":"KOA"}]},{"@type":"WebSite","@id":"https:\/\/www.ivec-cleve.de\/en\/#website","url":"https:\/\/www.ivec-cleve.de\/en\/","name":"IVEC Industrievertretung E. Cleve OHG","description":"IVEC ist in Bayern und Baden-W\u00fcrttemberg (nur ACP und Copal) als Industrievertretung f\u00fcr verschiedene Hersteller passiver und elektromechanischer Bauelemente t\u00e4tig","publisher":{"@id":"https:\/\/www.ivec-cleve.de\/en\/#organization"},"potentialAction":[{"@type":"SearchAction","target":{"@type":"EntryPoint","urlTemplate":"https:\/\/www.ivec-cleve.de\/en\/?s={search_term_string}"},"query-input":{"@type":"PropertyValueSpecification","valueRequired":true,"valueName":"search_term_string"}}],"inLanguage":"en-US"},{"@type":"Organization","@id":"https:\/\/www.ivec-cleve.de\/en\/#organization","name":"IVEC Industrievertretung E. Cleve OHG","url":"https:\/\/www.ivec-cleve.de\/en\/","logo":{"@type":"ImageObject","inLanguage":"en-US","@id":"https:\/\/www.ivec-cleve.de\/en\/#\/schema\/logo\/image\/","url":"https:\/\/www.ivec-cleve.de\/wp-content\/uploads\/ivec-20-jahre.png","contentUrl":"https:\/\/www.ivec-cleve.de\/wp-content\/uploads\/ivec-20-jahre.png","width":1165,"height":346,"caption":"IVEC Industrievertretung E. Cleve OHG"},"image":{"@id":"https:\/\/www.ivec-cleve.de\/en\/#\/schema\/logo\/image\/"}}]}},"_links":{"self":[{"href":"https:\/\/www.ivec-cleve.de\/en\/wp-json\/wp\/v2\/pages\/781","targetHints":{"allow":["GET"]}}],"collection":[{"href":"https:\/\/www.ivec-cleve.de\/en\/wp-json\/wp\/v2\/pages"}],"about":[{"href":"https:\/\/www.ivec-cleve.de\/en\/wp-json\/wp\/v2\/types\/page"}],"author":[{"embeddable":true,"href":"https:\/\/www.ivec-cleve.de\/en\/wp-json\/wp\/v2\/users\/1"}],"replies":[{"embeddable":true,"href":"https:\/\/www.ivec-cleve.de\/en\/wp-json\/wp\/v2\/comments?post=781"}],"version-history":[{"count":8,"href":"https:\/\/www.ivec-cleve.de\/en\/wp-json\/wp\/v2\/pages\/781\/revisions"}],"predecessor-version":[{"id":1836,"href":"https:\/\/www.ivec-cleve.de\/en\/wp-json\/wp\/v2\/pages\/781\/revisions\/1836"}],"up":[{"embeddable":true,"href":"https:\/\/www.ivec-cleve.de\/en\/wp-json\/wp\/v2\/pages\/780"}],"wp:attachment":[{"href":"https:\/\/www.ivec-cleve.de\/en\/wp-json\/wp\/v2\/media?parent=781"}],"curies":[{"name":"wp","href":"https:\/\/api.w.org\/{rel}","templated":true}]}}