{"id":1646,"date":"2025-10-30T10:13:10","date_gmt":"2025-10-30T09:13:10","guid":{"rendered":"https:\/\/www.ivec-cleve.de\/ivec-insights\/"},"modified":"2025-10-30T10:42:17","modified_gmt":"2025-10-30T09:42:17","slug":"ivec-insights","status":"publish","type":"page","link":"https:\/\/www.ivec-cleve.de\/en\/ivec-insights\/","title":{"rendered":"IVEC Insights"},"content":{"rendered":"\n<h1>\n\t\t\tIVEC Insights\t<\/h1>\n\t<p>Our knowledge articles tell you everything you need to know about the technology behind the products of our partners KOA, Rubycon, Nidec and ZEB.<\/p>\n<p>From the basics and component design to application examples, these technical articles provide in-depth expertise on electronic components, resistors, capacitors and other key components.<\/p>\n<p>Ideal for developers and anyone who wants to understand why and how good technology works and which solutions are suitable for their projects.<\/p>\n\n","protected":false},"excerpt":{"rendered":"<p>IVEC Insights Our knowledge articles tell you everything you need to know about the technology behind the products of our partners KOA, Rubycon, Nidec and ZEB. From the basics and component design to application examples, these technical articles provide in-depth expertise on electronic components, resistors, capacitors and other key components. Ideal for developers and anyone [&hellip;]<\/p>\n","protected":false},"author":4,"featured_media":0,"parent":0,"menu_order":15,"comment_status":"closed","ping_status":"closed","template":"","meta":{"site-sidebar-layout":"no-sidebar","site-content-layout":"page-builder","ast-site-content-layout":"default","site-content-style":"default","site-sidebar-style":"default","ast-global-header-display":"","ast-banner-title-visibility":"","ast-main-header-display":"","ast-hfb-above-header-display":"","ast-hfb-below-header-display":"","ast-hfb-mobile-header-display":"","site-post-title":"disabled","ast-breadcrumbs-content":"","ast-featured-img":"disabled","footer-sml-layout":"","ast-disable-related-posts":"","theme-transparent-header-meta":"default","adv-header-id-meta":"","stick-header-meta":"default","header-above-stick-meta":"","header-main-stick-meta":"","header-below-stick-meta":"","astra-migrate-meta-layouts":"default","ast-page-background-enabled":"default","ast-page-background-meta":{"desktop":{"background-color":"","background-image":"","background-repeat":"repeat","background-position":"center center","background-size":"auto","background-attachment":"scroll","background-type":"","background-media":"","overlay-type":"","overlay-color":"","overlay-opacity":"","overlay-gradient":""},"tablet":{"background-color":"","background-image":"","background-repeat":"repeat","background-position":"center center","background-size":"auto","background-attachment":"scroll","background-type":"","background-media":"","overlay-type":"","overlay-color":"","overlay-opacity":"","overlay-gradient":""},"mobile":{"background-color":"","background-image":"","background-repeat":"repeat","background-position":"center center","background-size":"auto","background-attachment":"scroll","background-type":"","background-media":"","overlay-type":"","overlay-color":"","overlay-opacity":"","overlay-gradient":""}},"ast-content-background-meta":{"desktop":{"background-color":"var(--ast-global-color-5)","background-image":"","background-repeat":"repeat","background-position":"center center","background-size":"auto","background-attachment":"scroll","background-type":"","background-media":"","overlay-type":"","overlay-color":"","overlay-opacity":"","overlay-gradient":""},"tablet":{"background-color":"var(--ast-global-color-5)","background-image":"","background-repeat":"repeat","background-position":"center center","background-size":"auto","background-attachment":"scroll","background-type":"","background-media":"","overlay-type":"","overlay-color":"","overlay-opacity":"","overlay-gradient":""},"mobile":{"background-color":"var(--ast-global-color-5)","background-image":"","background-repeat":"repeat","background-position":"center center","background-size":"auto","background-attachment":"scroll","background-type":"","background-media":"","overlay-type":"","overlay-color":"","overlay-opacity":"","overlay-gradient":""}},"footnotes":""},"class_list":["post-1646","page","type-page","status-publish","hentry"],"yoast_head":"<!-- This site is optimized with the Yoast SEO plugin v27.4 - https:\/\/yoast.com\/product\/yoast-seo-wordpress\/ -->\n<title>IVEC Insights | Expertise &amp; technology relating to KOA, Rubycon, etc.<\/title>\n<meta name=\"description\" content=\"In-depth expertise on KOA, Rubycon, Nidec &amp; ZEB: structure, technology, applications \u2013 valuable knowledge about electronic components.\" \/>\n<meta name=\"robots\" content=\"index, follow, max-snippet:-1, max-image-preview:large, max-video-preview:-1\" \/>\n<link rel=\"canonical\" href=\"https:\/\/www.ivec-cleve.de\/en\/ivec-insights\/\" \/>\n<meta property=\"og:locale\" content=\"en_US\" \/>\n<meta property=\"og:type\" content=\"article\" \/>\n<meta property=\"og:title\" content=\"IVEC Insights | Expertise &amp; technology relating to KOA, Rubycon, etc.\" \/>\n<meta property=\"og:description\" content=\"In-depth expertise on KOA, Rubycon, Nidec &amp; ZEB: structure, technology, applications \u2013 valuable knowledge about electronic components.\" \/>\n<meta property=\"og:url\" content=\"https:\/\/www.ivec-cleve.de\/en\/ivec-insights\/\" \/>\n<meta property=\"og:site_name\" content=\"IVEC Industrievertretung E. Cleve OHG\" \/>\n<meta property=\"article:modified_time\" content=\"2025-10-30T09:42:17+00:00\" \/>\n<meta property=\"og:image\" content=\"https:\/\/www.ivec-cleve.de\/wp-content\/uploads\/cropped-IVEC-Industrievertretung-E-Cleve-OHG-i.jpg\" \/>\n\t<meta property=\"og:image:width\" content=\"512\" \/>\n\t<meta property=\"og:image:height\" content=\"512\" \/>\n\t<meta property=\"og:image:type\" content=\"image\/jpeg\" \/>\n<meta name=\"twitter:card\" content=\"summary_large_image\" \/>\n<script type=\"application\/ld+json\" class=\"yoast-schema-graph\">{\"@context\":\"https:\\\/\\\/schema.org\",\"@graph\":[{\"@type\":\"WebPage\",\"@id\":\"https:\\\/\\\/www.ivec-cleve.de\\\/en\\\/ivec-insights\\\/\",\"url\":\"https:\\\/\\\/www.ivec-cleve.de\\\/en\\\/ivec-insights\\\/\",\"name\":\"IVEC Insights | Expertise & technology relating to KOA, Rubycon, etc.\",\"isPartOf\":{\"@id\":\"https:\\\/\\\/www.ivec-cleve.de\\\/en\\\/#website\"},\"datePublished\":\"2025-10-30T09:13:10+00:00\",\"dateModified\":\"2025-10-30T09:42:17+00:00\",\"description\":\"In-depth expertise on KOA, Rubycon, Nidec & ZEB: structure, technology, applications \u2013 valuable knowledge about electronic components.\",\"breadcrumb\":{\"@id\":\"https:\\\/\\\/www.ivec-cleve.de\\\/en\\\/ivec-insights\\\/#breadcrumb\"},\"inLanguage\":\"en-US\",\"potentialAction\":[{\"@type\":\"ReadAction\",\"target\":[\"https:\\\/\\\/www.ivec-cleve.de\\\/en\\\/ivec-insights\\\/\"]}]},{\"@type\":\"BreadcrumbList\",\"@id\":\"https:\\\/\\\/www.ivec-cleve.de\\\/en\\\/ivec-insights\\\/#breadcrumb\",\"itemListElement\":[{\"@type\":\"ListItem\",\"position\":1,\"name\":\"Startseite\",\"item\":\"https:\\\/\\\/www.ivec-cleve.de\\\/en\\\/\"},{\"@type\":\"ListItem\",\"position\":2,\"name\":\"IVEC Insights\"}]},{\"@type\":\"WebSite\",\"@id\":\"https:\\\/\\\/www.ivec-cleve.de\\\/en\\\/#website\",\"url\":\"https:\\\/\\\/www.ivec-cleve.de\\\/en\\\/\",\"name\":\"IVEC Industrievertretung E. Cleve OHG\",\"description\":\"IVEC ist in Bayern und Baden-W\u00fcrttemberg (nur ACP und Copal) als Industrievertretung f\u00fcr verschiedene Hersteller passiver und elektromechanischer Bauelemente t\u00e4tig\",\"publisher\":{\"@id\":\"https:\\\/\\\/www.ivec-cleve.de\\\/en\\\/#organization\"},\"potentialAction\":[{\"@type\":\"SearchAction\",\"target\":{\"@type\":\"EntryPoint\",\"urlTemplate\":\"https:\\\/\\\/www.ivec-cleve.de\\\/en\\\/?s={search_term_string}\"},\"query-input\":{\"@type\":\"PropertyValueSpecification\",\"valueRequired\":true,\"valueName\":\"search_term_string\"}}],\"inLanguage\":\"en-US\"},{\"@type\":\"Organization\",\"@id\":\"https:\\\/\\\/www.ivec-cleve.de\\\/en\\\/#organization\",\"name\":\"IVEC Industrievertretung E. Cleve OHG\",\"url\":\"https:\\\/\\\/www.ivec-cleve.de\\\/en\\\/\",\"logo\":{\"@type\":\"ImageObject\",\"inLanguage\":\"en-US\",\"@id\":\"https:\\\/\\\/www.ivec-cleve.de\\\/en\\\/#\\\/schema\\\/logo\\\/image\\\/\",\"url\":\"https:\\\/\\\/www.ivec-cleve.de\\\/wp-content\\\/uploads\\\/ivec-20-jahre.png\",\"contentUrl\":\"https:\\\/\\\/www.ivec-cleve.de\\\/wp-content\\\/uploads\\\/ivec-20-jahre.png\",\"width\":1165,\"height\":346,\"caption\":\"IVEC Industrievertretung E. Cleve OHG\"},\"image\":{\"@id\":\"https:\\\/\\\/www.ivec-cleve.de\\\/en\\\/#\\\/schema\\\/logo\\\/image\\\/\"}}]}<\/script>\n<!-- \/ Yoast SEO plugin. -->","yoast_head_json":{"title":"IVEC Insights | Expertise & technology relating to KOA, Rubycon, etc.","description":"In-depth expertise on KOA, Rubycon, Nidec & ZEB: structure, technology, applications \u2013 valuable knowledge about electronic components.","robots":{"index":"index","follow":"follow","max-snippet":"max-snippet:-1","max-image-preview":"max-image-preview:large","max-video-preview":"max-video-preview:-1"},"canonical":"https:\/\/www.ivec-cleve.de\/en\/ivec-insights\/","og_locale":"en_US","og_type":"article","og_title":"IVEC Insights | Expertise & technology relating to KOA, Rubycon, etc.","og_description":"In-depth expertise on KOA, Rubycon, Nidec & ZEB: structure, technology, applications \u2013 valuable knowledge about electronic components.","og_url":"https:\/\/www.ivec-cleve.de\/en\/ivec-insights\/","og_site_name":"IVEC Industrievertretung E. Cleve OHG","article_modified_time":"2025-10-30T09:42:17+00:00","og_image":[{"width":512,"height":512,"url":"https:\/\/www.ivec-cleve.de\/wp-content\/uploads\/cropped-IVEC-Industrievertretung-E-Cleve-OHG-i.jpg","type":"image\/jpeg"}],"twitter_card":"summary_large_image","schema":{"@context":"https:\/\/schema.org","@graph":[{"@type":"WebPage","@id":"https:\/\/www.ivec-cleve.de\/en\/ivec-insights\/","url":"https:\/\/www.ivec-cleve.de\/en\/ivec-insights\/","name":"IVEC Insights | Expertise & technology relating to KOA, Rubycon, etc.","isPartOf":{"@id":"https:\/\/www.ivec-cleve.de\/en\/#website"},"datePublished":"2025-10-30T09:13:10+00:00","dateModified":"2025-10-30T09:42:17+00:00","description":"In-depth expertise on KOA, Rubycon, Nidec & ZEB: structure, technology, applications \u2013 valuable knowledge about electronic components.","breadcrumb":{"@id":"https:\/\/www.ivec-cleve.de\/en\/ivec-insights\/#breadcrumb"},"inLanguage":"en-US","potentialAction":[{"@type":"ReadAction","target":["https:\/\/www.ivec-cleve.de\/en\/ivec-insights\/"]}]},{"@type":"BreadcrumbList","@id":"https:\/\/www.ivec-cleve.de\/en\/ivec-insights\/#breadcrumb","itemListElement":[{"@type":"ListItem","position":1,"name":"Startseite","item":"https:\/\/www.ivec-cleve.de\/en\/"},{"@type":"ListItem","position":2,"name":"IVEC Insights"}]},{"@type":"WebSite","@id":"https:\/\/www.ivec-cleve.de\/en\/#website","url":"https:\/\/www.ivec-cleve.de\/en\/","name":"IVEC Industrievertretung E. Cleve OHG","description":"IVEC ist in Bayern und Baden-W\u00fcrttemberg (nur ACP und Copal) als Industrievertretung f\u00fcr verschiedene Hersteller passiver und elektromechanischer Bauelemente t\u00e4tig","publisher":{"@id":"https:\/\/www.ivec-cleve.de\/en\/#organization"},"potentialAction":[{"@type":"SearchAction","target":{"@type":"EntryPoint","urlTemplate":"https:\/\/www.ivec-cleve.de\/en\/?s={search_term_string}"},"query-input":{"@type":"PropertyValueSpecification","valueRequired":true,"valueName":"search_term_string"}}],"inLanguage":"en-US"},{"@type":"Organization","@id":"https:\/\/www.ivec-cleve.de\/en\/#organization","name":"IVEC Industrievertretung E. Cleve OHG","url":"https:\/\/www.ivec-cleve.de\/en\/","logo":{"@type":"ImageObject","inLanguage":"en-US","@id":"https:\/\/www.ivec-cleve.de\/en\/#\/schema\/logo\/image\/","url":"https:\/\/www.ivec-cleve.de\/wp-content\/uploads\/ivec-20-jahre.png","contentUrl":"https:\/\/www.ivec-cleve.de\/wp-content\/uploads\/ivec-20-jahre.png","width":1165,"height":346,"caption":"IVEC Industrievertretung E. Cleve OHG"},"image":{"@id":"https:\/\/www.ivec-cleve.de\/en\/#\/schema\/logo\/image\/"}}]}},"_links":{"self":[{"href":"https:\/\/www.ivec-cleve.de\/en\/wp-json\/wp\/v2\/pages\/1646","targetHints":{"allow":["GET"]}}],"collection":[{"href":"https:\/\/www.ivec-cleve.de\/en\/wp-json\/wp\/v2\/pages"}],"about":[{"href":"https:\/\/www.ivec-cleve.de\/en\/wp-json\/wp\/v2\/types\/page"}],"author":[{"embeddable":true,"href":"https:\/\/www.ivec-cleve.de\/en\/wp-json\/wp\/v2\/users\/4"}],"replies":[{"embeddable":true,"href":"https:\/\/www.ivec-cleve.de\/en\/wp-json\/wp\/v2\/comments?post=1646"}],"version-history":[{"count":1,"href":"https:\/\/www.ivec-cleve.de\/en\/wp-json\/wp\/v2\/pages\/1646\/revisions"}],"predecessor-version":[{"id":1661,"href":"https:\/\/www.ivec-cleve.de\/en\/wp-json\/wp\/v2\/pages\/1646\/revisions\/1661"}],"wp:attachment":[{"href":"https:\/\/www.ivec-cleve.de\/en\/wp-json\/wp\/v2\/media?parent=1646"}],"curies":[{"name":"wp","href":"https:\/\/api.w.org\/{rel}","templated":true}]}}