{"id":1494,"date":"2025-10-14T12:55:24","date_gmt":"2025-10-14T10:55:24","guid":{"rendered":"https:\/\/www.ivec-cleve.de\/resistors\/"},"modified":"2026-04-07T09:55:38","modified_gmt":"2026-04-07T07:55:38","slug":"resistors","status":"publish","type":"page","link":"https:\/\/www.ivec-cleve.de\/en\/resistors\/","title":{"rendered":"Resistors"},"content":{"rendered":"\n<figure itemscope itemtype=\"https:\/\/schema.org\/ImageObject\">\n\t\t\t\t<img decoding=\"async\" src=\"https:\/\/www.ivec-cleve.de\/wp-content\/uploads\/slider-industry-koa.jpg\" alt=\"slider-industry-koa\" height=\"700\" width=\"1920\" title=\"slider-industry-koa\" onerror=\"this.style.display='none'\" loading=\"lazy\" \/>\n\t<\/figure>\n<h1>\n\t\t\tResistors for professionals\t<\/h1>\n\t<p>Are you developing a new device, planning a redesign, or need a suitable replacement component at short notice? Whether you need high-power resistors, precision resistors, shunt resistors, or components for high-voltage and power applications, we can help you quickly find the optimal solution.<\/p>\n<p>As a technical sales partner for the renowned manufacturer KOA, we support developers and engineers in all project phases: from the selection of suitable components to sample procurement and series approval. You benefit from over 40 years of experience in technical sales and a strong network of manufacturers and distributors.<\/p>\n\t\t\t<a href=\"https:\/\/www.ivec-cleve.de\/en\/about-us\/#kontakt-header\" title=\"REQUEST TECHNICAL ADVICE\" target=\"_self\"   role=\"button\" aria-label=\"REQUEST TECHNICAL ADVICE\">\n\t\t\t\t\t\t\tREQUEST TECHNICAL ADVICE\n\t\t<\/a>\n<figure itemscope itemtype=\"https:\/\/schema.org\/ImageObject\">\n\t\t\t\t<img decoding=\"async\" src=\"https:\/\/www.ivec-cleve.de\/wp-content\/uploads\/widerstaende-koa.webp\" alt=\"Diverse Widerst\u00e4nde und Bauteile von KOA Europe\" height=\"1350\" width=\"1080\" title=\"widersta\u0308nde-koa\" onerror=\"this.style.display='none'\" loading=\"lazy\" \/>\n\t<\/figure>\n<h2>\n\t\t\tResistors from KOA &#8211; Precision for every application\t<\/h2>\n\t<p>As KOA&#8217;s official distribution partner in southern Germany, we offer access to the complete KOA product range &#8211; from standard solutions to highly specialized resistors.<\/p>\n<p>You can find everything you need to know about KOA Europe here.<\/p>\n\t<p>Our portfolio includes a wide variety of resistor types for all requirements.<\/p>\n  \t<a href=\"https:\/\/www.ivec-cleve.de\/en\/representatives\/koa\/\"> <img decoding=\"async\" src=\"https:\/\/www.ivec-cleve.de\/wp-content\/uploads\/\/koa-logo-300x227.png\" \/><\/a>\t<p><a href=\"https:\/\/www.ivec-cleve.de\/en\/representatives\/koa\/\">\u00a0<\/a><\/p>\n  <p>Leaded Resistors<\/p>\n  \t <img decoding=\"async\" src=\"https:\/\/www.ivec-cleve.de\/wp-content\/uploads\/\/koa-logo-300x227.png\" \/>\t<p><a href=\"https:\/\/www.ivec-cleve.de\/en\/representatives\/koa\/\">\u00a0<\/a><\/p>\n  <p>Low Ohm Resistors (Thick film)<\/p>\n  \t <img decoding=\"async\" src=\"https:\/\/www.ivec-cleve.de\/wp-content\/uploads\/\/koa-logo-300x227.png\" \/>\t<p><a href=\"https:\/\/www.ivec-cleve.de\/en\/representatives\/koa\/\">\u00a0<\/a><\/p>\n  <p>Thick film High precision Resistor<\/p>\n  \t <img decoding=\"async\" src=\"https:\/\/www.ivec-cleve.de\/wp-content\/uploads\/\/koa-logo-300x227.png\" \/>\t<p><a href=\"https:\/\/www.ivec-cleve.de\/en\/representatives\/koa\/\">\u00a0<\/a><\/p>\n  <p>Precision Thin film Resistor<\/p>\n  \t <img decoding=\"async\" src=\"https:\/\/www.ivec-cleve.de\/wp-content\/uploads\/\/koa-logo-300x227.png\" \/>\t<p><a href=\"https:\/\/www.ivec-cleve.de\/en\/representatives\/koa\/\">\u00a0<\/a><\/p>\n  <p>Thin film Resistor Networks<\/p>\n  \t <img decoding=\"async\" src=\"https:\/\/www.ivec-cleve.de\/wp-content\/uploads\/\/koa-logo-300x227.png\" \/>\t<p><a href=\"https:\/\/www.ivec-cleve.de\/en\/representatives\/koa\/\">\u00a0<\/a><\/p>\n  <p>Embedded Resistors<\/p>\n  \t <img decoding=\"async\" src=\"https:\/\/www.ivec-cleve.de\/wp-content\/uploads\/\/koa-logo-300x227.png\" \/>\t<p><a href=\"https:\/\/www.ivec-cleve.de\/en\/representatives\/koa\/\">\u00a0<\/a><\/p>\n  <p>Anti-Surge\/Pulse Resistor<\/p>\n  \t <img decoding=\"async\" src=\"https:\/\/www.ivec-cleve.de\/wp-content\/uploads\/\/koa-logo-300x227.png\" \/>\t<p><a href=\"https:\/\/www.ivec-cleve.de\/en\/representatives\/koa\/\">\u00a0<\/a><\/p>\n  <p>Jumper Chip<\/p>\n  \t <img decoding=\"async\" src=\"https:\/\/www.ivec-cleve.de\/wp-content\/uploads\/\/koa-logo-300x227.png\" \/>\t<p><a href=\"https:\/\/www.ivec-cleve.de\/en\/representatives\/koa\/\">\u00a0<\/a><\/p>\n  <p>LTCC substrate<\/p>\n  \t <img decoding=\"async\" src=\"https:\/\/www.ivec-cleve.de\/wp-content\/uploads\/\/koa-logo-300x227.png\" \/>\t<p><a href=\"https:\/\/www.ivec-cleve.de\/en\/representatives\/koa\/\">\u00a0<\/a><\/p>\n  <p>Anti Sulfuration Chip Resistors<\/p>\n  \t <img decoding=\"async\" src=\"https:\/\/www.ivec-cleve.de\/wp-content\/uploads\/\/koa-logo-300x227.png\" \/>\t<p><a href=\"https:\/\/www.ivec-cleve.de\/en\/representatives\/koa\/\">\u00a0<\/a><\/p>\n  <p>Metal Plate Shunt Resistors<\/p>\n  \t <img decoding=\"async\" src=\"https:\/\/www.ivec-cleve.de\/wp-content\/uploads\/\/koa-logo-300x227.png\" \/>\t<p><a href=\"https:\/\/www.ivec-cleve.de\/en\/representatives\/koa\/\">\u00a0<\/a><\/p>\n  <p>High Voltage Resistor<\/p>\n  \t <img decoding=\"async\" src=\"https:\/\/www.ivec-cleve.de\/wp-content\/uploads\/\/koa-logo-300x227.png\" \/>\t<p><a href=\"https:\/\/www.ivec-cleve.de\/en\/representatives\/koa\/\">\u00a0<\/a><\/p>\n  <p>Thermal Sensors<\/p>\n  \t <img decoding=\"async\" src=\"https:\/\/www.ivec-cleve.de\/wp-content\/uploads\/\/koa-logo-300x227.png\" \/>\t<p><a href=\"https:\/\/www.ivec-cleve.de\/en\/representatives\/koa\/\">\u00a0<\/a><\/p>\n  <p>Varistors<\/p>\n  \t <img decoding=\"async\" src=\"https:\/\/www.ivec-cleve.de\/wp-content\/uploads\/\/koa-logo-300x227.png\" \/>\t<p><a href=\"https:\/\/www.ivec-cleve.de\/en\/representatives\/koa\/\">\u00a0<\/a><\/p>\n  <p>Wide terminal Resistor<\/p>\n  \t <img decoding=\"async\" src=\"https:\/\/www.ivec-cleve.de\/wp-content\/uploads\/\/koa-logo-300x227.png\" \/>\t<p><a href=\"https:\/\/www.ivec-cleve.de\/en\/representatives\/koa\/\">\u00a0<\/a><\/p>\n  <p>Fuses<\/p>\n<!-- \tEND MULTIPLE SECTIONS -->\n\t\t\t<a href=\"https:\/\/www.ivec-cleve.de\/en\/representatives\/koa\/\" title=\"PRODUCT CATALOGUE KOA EUROPE\" target=\"_self\"   role=\"button\" aria-label=\"PRODUCT CATALOGUE KOA EUROPE\">\n\t\t\t\t\t\t\tPRODUCT CATALOGUE KOA EUROPE\n\t\t<\/a>\n<h2>\n\t\t\tResistors for your industry &#8211; developed to fit perfectly\t<\/h2>\n\t<p>Whether for automotive applications, industrial electronics, medical technology, power electronics, e-mobility, or battery management, we identify resistors that precisely meet your requirements. From selection and specification to series production, we provide you with sound technical support and practical assistance. From impulse-resistant resistors to precision resistors and wide terminal resistors, we have you covered for all your projects.<\/p>\n<h2>\n\t\t\tTechnical advice instead of standard sales\t<\/h2>\n\t<p>Developers and engineers are often faced with the challenge of quickly finding the technically and economically optimal solution-whether for pre-development, new projects, or redesign.<\/p>\n<p>We accompany you every step of the way:<\/p>\n<p>&#8211; Analysis of your requirements-we understand your project and identify the right resistors.<\/p>\n<p>&#8211; Sample provision-at short notice to accelerate your development processes.<\/p>\n<p>&#8211; Communication with the manufacturer &#8211; we coordinate directly with KOA and other partners to ensure you receive a reliable supply.<\/p>\n<p>This saves you valuable development time and ensures you receive exactly the resistors your applications require &#8211; technically precise, reliable, and practical.<\/p>\n<figure itemscope itemtype=\"https:\/\/schema.org\/ImageObject\">\n\t\t\t\t<img decoding=\"async\" src=\"https:\/\/www.ivec-cleve.de\/wp-content\/uploads\/robert2_square.jpg\" alt=\"Robert Cleve\" height=\"800\" width=\"800\" title=\"Robert Cleve\" onerror=\"this.style.display='none'\" loading=\"lazy\" \/>\n\t<\/figure>\n<h2>\n\t\t\tYour contact person\t<\/h2>\n\t<p>For all questions about KOA Europe Mr. Robert Cleve is at your disposal.<\/p>\n<figure itemscope itemtype=\"https:\/\/schema.org\/ImageObject\">\n\t\t\t\t<img decoding=\"async\" src=\"https:\/\/www.ivec-cleve.de\/wp-content\/uploads\/torsten3_square.jpg\" alt=\"Torsten Cleve\" height=\"800\" width=\"800\" title=\"Torsten Cleve\" onerror=\"this.style.display='none'\" loading=\"lazy\" \/>\n\t<\/figure>\n<h2>\n\t\t\tYour contact person\t<\/h2>\n\t<p>For all questions about KOA Europe Mr. Torsten Cleve is at your disposal.<\/p>\n<figure itemscope itemtype=\"https:\/\/schema.org\/ImageObject\">\n\t\t\t\t<img decoding=\"async\" src=\"https:\/\/www.ivec-cleve.de\/wp-content\/uploads\/vertreieb-mitarbeiter-fahd-chaouachi.webp\" alt=\"vertreieb-mitarbeiter-fahd chaouachi\" height=\"800\" width=\"800\" title=\"vertreieb-mitarbeiter-fahd chaouachi\" onerror=\"this.style.display='none'\" loading=\"lazy\" \/>\n\t<\/figure>\n<h2>\n\t\t\tYour contact person\t<\/h2>\n\t<p>For all questions about KOA Europe Mr. Fahd Chaouachi is at your disposal.<\/p>\n\t<h3>IVEC<\/h3>\nIVEC Industrievertretung<br \/>\nE. Cleve OHG<br \/>\nObermarkt 31<br \/>\n82515 Wolfratshausen\n\t<h3>KONTAKT<\/h3>\nPhone: <a href=\"tel:+49871818580\">+49 8171 81858-0<\/a><br \/>\nFax: +49 8171 81858-19<br \/>\nE-mail: <a href=\"mailto:info@ivec-cleve.de\">info@ivec-cleve.de<\/a><br \/>\nWeb: <a href=\"https:\/\/www.ivec-cleve.de\/en\/\">www.ivec-cleve.de<\/a>\n\n","protected":false},"excerpt":{"rendered":"<p>Resistors for professionals Are you developing a new device, planning a redesign, or need a suitable replacement component at short notice? Whether you need high-power resistors, precision resistors, shunt resistors, or components for high-voltage and power applications, we can help you quickly find the optimal solution. As a technical sales partner for the renowned manufacturer [&hellip;]<\/p>\n","protected":false},"author":4,"featured_media":0,"parent":0,"menu_order":8,"comment_status":"closed","ping_status":"closed","template":"","meta":{"site-sidebar-layout":"default","site-content-layout":"default","ast-site-content-layout":"default","site-content-style":"default","site-sidebar-style":"default","ast-global-header-display":"","ast-banner-title-visibility":"","ast-main-header-display":"","ast-hfb-above-header-display":"","ast-hfb-below-header-display":"","ast-hfb-mobile-header-display":"","site-post-title":"disabled","ast-breadcrumbs-content":"","ast-featured-img":"","footer-sml-layout":"","ast-disable-related-posts":"","theme-transparent-header-meta":"default","adv-header-id-meta":"","stick-header-meta":"default","header-above-stick-meta":"","header-main-stick-meta":"","header-below-stick-meta":"","astra-migrate-meta-layouts":"default","ast-page-background-enabled":"default","ast-page-background-meta":{"desktop":{"background-color":"","background-image":"","background-repeat":"repeat","background-position":"center center","background-size":"auto","background-attachment":"scroll","background-type":"","background-media":"","overlay-type":"","overlay-color":"","overlay-opacity":"","overlay-gradient":""},"tablet":{"background-color":"","background-image":"","background-repeat":"repeat","background-position":"center center","background-size":"auto","background-attachment":"scroll","background-type":"","background-media":"","overlay-type":"","overlay-color":"","overlay-opacity":"","overlay-gradient":""},"mobile":{"background-color":"","background-image":"","background-repeat":"repeat","background-position":"center center","background-size":"auto","background-attachment":"scroll","background-type":"","background-media":"","overlay-type":"","overlay-color":"","overlay-opacity":"","overlay-gradient":""}},"ast-content-background-meta":{"desktop":{"background-color":"var(--ast-global-color-5)","background-image":"","background-repeat":"repeat","background-position":"center center","background-size":"auto","background-attachment":"scroll","background-type":"","background-media":"","overlay-type":"","overlay-color":"","overlay-opacity":"","overlay-gradient":""},"tablet":{"background-color":"var(--ast-global-color-5)","background-image":"","background-repeat":"repeat","background-position":"center center","background-size":"auto","background-attachment":"scroll","background-type":"","background-media":"","overlay-type":"","overlay-color":"","overlay-opacity":"","overlay-gradient":""},"mobile":{"background-color":"var(--ast-global-color-5)","background-image":"","background-repeat":"repeat","background-position":"center center","background-size":"auto","background-attachment":"scroll","background-type":"","background-media":"","overlay-type":"","overlay-color":"","overlay-opacity":"","overlay-gradient":""}},"footnotes":""},"class_list":["post-1494","page","type-page","status-publish","hentry"],"yoast_head":"<!-- This site is optimized with the Yoast SEO plugin v27.4 - https:\/\/yoast.com\/product\/yoast-seo-wordpress\/ -->\n<title>Resistors for developers \u2013 precision &amp; high performance<\/title>\n<meta name=\"description\" content=\"Technical support from IVEC: selection, sampling, and series approval for resistors for developers and engineers.\" \/>\n<meta name=\"robots\" content=\"index, follow, max-snippet:-1, max-image-preview:large, max-video-preview:-1\" \/>\n<link rel=\"canonical\" href=\"https:\/\/www.ivec-cleve.de\/en\/resistors\/\" \/>\n<meta property=\"og:locale\" content=\"en_US\" \/>\n<meta property=\"og:type\" content=\"article\" \/>\n<meta property=\"og:title\" content=\"Resistors for developers \u2013 precision &amp; high performance\" \/>\n<meta property=\"og:description\" content=\"Technical support from IVEC: selection, sampling, and series approval for resistors for developers and engineers.\" \/>\n<meta property=\"og:url\" content=\"https:\/\/www.ivec-cleve.de\/en\/resistors\/\" \/>\n<meta property=\"og:site_name\" content=\"IVEC Industrievertretung E. Cleve OHG\" \/>\n<meta property=\"article:modified_time\" content=\"2026-04-07T07:55:38+00:00\" \/>\n<meta property=\"og:image\" content=\"https:\/\/www.ivec-cleve.de\/wp-content\/uploads\/slider-industry-koa.jpg\" \/>\n<meta name=\"twitter:card\" content=\"summary_large_image\" \/>\n<meta name=\"twitter:label1\" content=\"Est. reading time\" \/>\n\t<meta name=\"twitter:data1\" content=\"2 minutes\" \/>\n<script type=\"application\/ld+json\" class=\"yoast-schema-graph\">{\"@context\":\"https:\\\/\\\/schema.org\",\"@graph\":[{\"@type\":\"WebPage\",\"@id\":\"https:\\\/\\\/www.ivec-cleve.de\\\/en\\\/resistors\\\/\",\"url\":\"https:\\\/\\\/www.ivec-cleve.de\\\/en\\\/resistors\\\/\",\"name\":\"Resistors for developers \u2013 precision & high performance\",\"isPartOf\":{\"@id\":\"https:\\\/\\\/www.ivec-cleve.de\\\/en\\\/#website\"},\"primaryImageOfPage\":{\"@id\":\"https:\\\/\\\/www.ivec-cleve.de\\\/en\\\/resistors\\\/#primaryimage\"},\"image\":{\"@id\":\"https:\\\/\\\/www.ivec-cleve.de\\\/en\\\/resistors\\\/#primaryimage\"},\"thumbnailUrl\":\"https:\\\/\\\/www.ivec-cleve.de\\\/wp-content\\\/uploads\\\/slider-industry-koa.jpg\",\"datePublished\":\"2025-10-14T10:55:24+00:00\",\"dateModified\":\"2026-04-07T07:55:38+00:00\",\"description\":\"Technical support from IVEC: selection, sampling, and series approval for resistors for developers and engineers.\",\"breadcrumb\":{\"@id\":\"https:\\\/\\\/www.ivec-cleve.de\\\/en\\\/resistors\\\/#breadcrumb\"},\"inLanguage\":\"en-US\",\"potentialAction\":[{\"@type\":\"ReadAction\",\"target\":[\"https:\\\/\\\/www.ivec-cleve.de\\\/en\\\/resistors\\\/\"]}]},{\"@type\":\"ImageObject\",\"inLanguage\":\"en-US\",\"@id\":\"https:\\\/\\\/www.ivec-cleve.de\\\/en\\\/resistors\\\/#primaryimage\",\"url\":\"https:\\\/\\\/www.ivec-cleve.de\\\/wp-content\\\/uploads\\\/slider-industry-koa.jpg\",\"contentUrl\":\"https:\\\/\\\/www.ivec-cleve.de\\\/wp-content\\\/uploads\\\/slider-industry-koa.jpg\"},{\"@type\":\"BreadcrumbList\",\"@id\":\"https:\\\/\\\/www.ivec-cleve.de\\\/en\\\/resistors\\\/#breadcrumb\",\"itemListElement\":[{\"@type\":\"ListItem\",\"position\":1,\"name\":\"Startseite\",\"item\":\"https:\\\/\\\/www.ivec-cleve.de\\\/en\\\/\"},{\"@type\":\"ListItem\",\"position\":2,\"name\":\"Resistors\"}]},{\"@type\":\"WebSite\",\"@id\":\"https:\\\/\\\/www.ivec-cleve.de\\\/en\\\/#website\",\"url\":\"https:\\\/\\\/www.ivec-cleve.de\\\/en\\\/\",\"name\":\"IVEC Industrievertretung E. Cleve OHG\",\"description\":\"IVEC ist in Bayern und Baden-W\u00fcrttemberg (nur ACP und Copal) als Industrievertretung f\u00fcr verschiedene Hersteller passiver und elektromechanischer Bauelemente t\u00e4tig\",\"publisher\":{\"@id\":\"https:\\\/\\\/www.ivec-cleve.de\\\/en\\\/#organization\"},\"potentialAction\":[{\"@type\":\"SearchAction\",\"target\":{\"@type\":\"EntryPoint\",\"urlTemplate\":\"https:\\\/\\\/www.ivec-cleve.de\\\/en\\\/?s={search_term_string}\"},\"query-input\":{\"@type\":\"PropertyValueSpecification\",\"valueRequired\":true,\"valueName\":\"search_term_string\"}}],\"inLanguage\":\"en-US\"},{\"@type\":\"Organization\",\"@id\":\"https:\\\/\\\/www.ivec-cleve.de\\\/en\\\/#organization\",\"name\":\"IVEC Industrievertretung E. Cleve OHG\",\"url\":\"https:\\\/\\\/www.ivec-cleve.de\\\/en\\\/\",\"logo\":{\"@type\":\"ImageObject\",\"inLanguage\":\"en-US\",\"@id\":\"https:\\\/\\\/www.ivec-cleve.de\\\/en\\\/#\\\/schema\\\/logo\\\/image\\\/\",\"url\":\"https:\\\/\\\/www.ivec-cleve.de\\\/wp-content\\\/uploads\\\/ivec-20-jahre.png\",\"contentUrl\":\"https:\\\/\\\/www.ivec-cleve.de\\\/wp-content\\\/uploads\\\/ivec-20-jahre.png\",\"width\":1165,\"height\":346,\"caption\":\"IVEC Industrievertretung E. Cleve OHG\"},\"image\":{\"@id\":\"https:\\\/\\\/www.ivec-cleve.de\\\/en\\\/#\\\/schema\\\/logo\\\/image\\\/\"}}]}<\/script>\n<!-- \/ Yoast SEO plugin. -->","yoast_head_json":{"title":"Resistors for developers \u2013 precision & high performance","description":"Technical support from IVEC: selection, sampling, and series approval for resistors for developers and engineers.","robots":{"index":"index","follow":"follow","max-snippet":"max-snippet:-1","max-image-preview":"max-image-preview:large","max-video-preview":"max-video-preview:-1"},"canonical":"https:\/\/www.ivec-cleve.de\/en\/resistors\/","og_locale":"en_US","og_type":"article","og_title":"Resistors for developers \u2013 precision & high performance","og_description":"Technical support from IVEC: selection, sampling, and series approval for resistors for developers and engineers.","og_url":"https:\/\/www.ivec-cleve.de\/en\/resistors\/","og_site_name":"IVEC Industrievertretung E. Cleve OHG","article_modified_time":"2026-04-07T07:55:38+00:00","og_image":[{"url":"https:\/\/www.ivec-cleve.de\/wp-content\/uploads\/slider-industry-koa.jpg","type":"","width":"","height":""}],"twitter_card":"summary_large_image","twitter_misc":{"Est. reading time":"2 minutes"},"schema":{"@context":"https:\/\/schema.org","@graph":[{"@type":"WebPage","@id":"https:\/\/www.ivec-cleve.de\/en\/resistors\/","url":"https:\/\/www.ivec-cleve.de\/en\/resistors\/","name":"Resistors for developers \u2013 precision & high performance","isPartOf":{"@id":"https:\/\/www.ivec-cleve.de\/en\/#website"},"primaryImageOfPage":{"@id":"https:\/\/www.ivec-cleve.de\/en\/resistors\/#primaryimage"},"image":{"@id":"https:\/\/www.ivec-cleve.de\/en\/resistors\/#primaryimage"},"thumbnailUrl":"https:\/\/www.ivec-cleve.de\/wp-content\/uploads\/slider-industry-koa.jpg","datePublished":"2025-10-14T10:55:24+00:00","dateModified":"2026-04-07T07:55:38+00:00","description":"Technical support from IVEC: selection, sampling, and series approval for resistors for developers and engineers.","breadcrumb":{"@id":"https:\/\/www.ivec-cleve.de\/en\/resistors\/#breadcrumb"},"inLanguage":"en-US","potentialAction":[{"@type":"ReadAction","target":["https:\/\/www.ivec-cleve.de\/en\/resistors\/"]}]},{"@type":"ImageObject","inLanguage":"en-US","@id":"https:\/\/www.ivec-cleve.de\/en\/resistors\/#primaryimage","url":"https:\/\/www.ivec-cleve.de\/wp-content\/uploads\/slider-industry-koa.jpg","contentUrl":"https:\/\/www.ivec-cleve.de\/wp-content\/uploads\/slider-industry-koa.jpg"},{"@type":"BreadcrumbList","@id":"https:\/\/www.ivec-cleve.de\/en\/resistors\/#breadcrumb","itemListElement":[{"@type":"ListItem","position":1,"name":"Startseite","item":"https:\/\/www.ivec-cleve.de\/en\/"},{"@type":"ListItem","position":2,"name":"Resistors"}]},{"@type":"WebSite","@id":"https:\/\/www.ivec-cleve.de\/en\/#website","url":"https:\/\/www.ivec-cleve.de\/en\/","name":"IVEC Industrievertretung E. Cleve OHG","description":"IVEC ist in Bayern und Baden-W\u00fcrttemberg (nur ACP und Copal) als Industrievertretung f\u00fcr verschiedene Hersteller passiver und elektromechanischer Bauelemente t\u00e4tig","publisher":{"@id":"https:\/\/www.ivec-cleve.de\/en\/#organization"},"potentialAction":[{"@type":"SearchAction","target":{"@type":"EntryPoint","urlTemplate":"https:\/\/www.ivec-cleve.de\/en\/?s={search_term_string}"},"query-input":{"@type":"PropertyValueSpecification","valueRequired":true,"valueName":"search_term_string"}}],"inLanguage":"en-US"},{"@type":"Organization","@id":"https:\/\/www.ivec-cleve.de\/en\/#organization","name":"IVEC Industrievertretung E. Cleve OHG","url":"https:\/\/www.ivec-cleve.de\/en\/","logo":{"@type":"ImageObject","inLanguage":"en-US","@id":"https:\/\/www.ivec-cleve.de\/en\/#\/schema\/logo\/image\/","url":"https:\/\/www.ivec-cleve.de\/wp-content\/uploads\/ivec-20-jahre.png","contentUrl":"https:\/\/www.ivec-cleve.de\/wp-content\/uploads\/ivec-20-jahre.png","width":1165,"height":346,"caption":"IVEC Industrievertretung E. Cleve OHG"},"image":{"@id":"https:\/\/www.ivec-cleve.de\/en\/#\/schema\/logo\/image\/"}}]}},"_links":{"self":[{"href":"https:\/\/www.ivec-cleve.de\/en\/wp-json\/wp\/v2\/pages\/1494","targetHints":{"allow":["GET"]}}],"collection":[{"href":"https:\/\/www.ivec-cleve.de\/en\/wp-json\/wp\/v2\/pages"}],"about":[{"href":"https:\/\/www.ivec-cleve.de\/en\/wp-json\/wp\/v2\/types\/page"}],"author":[{"embeddable":true,"href":"https:\/\/www.ivec-cleve.de\/en\/wp-json\/wp\/v2\/users\/4"}],"replies":[{"embeddable":true,"href":"https:\/\/www.ivec-cleve.de\/en\/wp-json\/wp\/v2\/comments?post=1494"}],"version-history":[{"count":5,"href":"https:\/\/www.ivec-cleve.de\/en\/wp-json\/wp\/v2\/pages\/1494\/revisions"}],"predecessor-version":[{"id":1837,"href":"https:\/\/www.ivec-cleve.de\/en\/wp-json\/wp\/v2\/pages\/1494\/revisions\/1837"}],"wp:attachment":[{"href":"https:\/\/www.ivec-cleve.de\/en\/wp-json\/wp\/v2\/media?parent=1494"}],"curies":[{"name":"wp","href":"https:\/\/api.w.org\/{rel}","templated":true}]}}