{"id":1493,"date":"2025-10-14T12:53:33","date_gmt":"2025-10-14T10:53:33","guid":{"rendered":"https:\/\/www.ivec-cleve.de\/connection-technology\/"},"modified":"2025-10-20T13:06:38","modified_gmt":"2025-10-20T11:06:38","slug":"connection-technology","status":"publish","type":"page","link":"https:\/\/www.ivec-cleve.de\/en\/connection-technology\/","title":{"rendered":"Connectors"},"content":{"rendered":"","protected":false},"excerpt":{"rendered":"","protected":false},"author":4,"featured_media":0,"parent":0,"menu_order":33,"comment_status":"closed","ping_status":"closed","template":"","meta":{"site-sidebar-layout":"default","site-content-layout":"default","ast-site-content-layout":"default","site-content-style":"default","site-sidebar-style":"default","ast-global-header-display":"","ast-banner-title-visibility":"","ast-main-header-display":"","ast-hfb-above-header-display":"","ast-hfb-below-header-display":"","ast-hfb-mobile-header-display":"","site-post-title":"disabled","ast-breadcrumbs-content":"","ast-featured-img":"","footer-sml-layout":"","ast-disable-related-posts":"","theme-transparent-header-meta":"default","adv-header-id-meta":"","stick-header-meta":"default","header-above-stick-meta":"","header-main-stick-meta":"","header-below-stick-meta":"","astra-migrate-meta-layouts":"default","ast-page-background-enabled":"default","ast-page-background-meta":{"desktop":{"background-color":"","background-image":"","background-repeat":"repeat","background-position":"center center","background-size":"auto","background-attachment":"scroll","background-type":"","background-media":"","overlay-type":"","overlay-color":"","overlay-opacity":"","overlay-gradient":""},"tablet":{"background-color":"","background-image":"","background-repeat":"repeat","background-position":"center center","background-size":"auto","background-attachment":"scroll","background-type":"","background-media":"","overlay-type":"","overlay-color":"","overlay-opacity":"","overlay-gradient":""},"mobile":{"background-color":"","background-image":"","background-repeat":"repeat","background-position":"center center","background-size":"auto","background-attachment":"scroll","background-type":"","background-media":"","overlay-type":"","overlay-color":"","overlay-opacity":"","overlay-gradient":""}},"ast-content-background-meta":{"desktop":{"background-color":"var(--ast-global-color-5)","background-image":"","background-repeat":"repeat","background-position":"center center","background-size":"auto","background-attachment":"scroll","background-type":"","background-media":"","overlay-type":"","overlay-color":"","overlay-opacity":"","overlay-gradient":""},"tablet":{"background-color":"var(--ast-global-color-5)","background-image":"","background-repeat":"repeat","background-position":"center center","background-size":"auto","background-attachment":"scroll","background-type":"","background-media":"","overlay-type":"","overlay-color":"","overlay-opacity":"","overlay-gradient":""},"mobile":{"background-color":"var(--ast-global-color-5)","background-image":"","background-repeat":"repeat","background-position":"center center","background-size":"auto","background-attachment":"scroll","background-type":"","background-media":"","overlay-type":"","overlay-color":"","overlay-opacity":"","overlay-gradient":""}},"footnotes":""},"class_list":["post-1493","page","type-page","status-publish","hentry"],"yoast_head":"<!-- This site is optimized with the Yoast SEO plugin v27.4 - https:\/\/yoast.com\/product\/yoast-seo-wordpress\/ -->\n<title>Connectors from IVEC \u2013 Industry, Automotive &amp; Electronics<\/title>\n<meta name=\"description\" content=\"IVEC Connectors: flat connectors, flexible conductors, heat-shrink tubing, and more\u2014precisely tailored to your project requirements.\" \/>\n<meta name=\"robots\" content=\"index, follow, max-snippet:-1, max-image-preview:large, max-video-preview:-1\" \/>\n<link rel=\"canonical\" href=\"https:\/\/www.ivec-cleve.de\/en\/connection-technology\/\" \/>\n<meta property=\"og:locale\" content=\"en_US\" \/>\n<meta property=\"og:type\" content=\"article\" \/>\n<meta property=\"og:title\" content=\"Connectors from IVEC \u2013 Industry, Automotive &amp; Electronics\" \/>\n<meta property=\"og:description\" content=\"IVEC Connectors: flat connectors, flexible conductors, heat-shrink tubing, and more\u2014precisely tailored to your project requirements.\" \/>\n<meta property=\"og:url\" content=\"https:\/\/www.ivec-cleve.de\/en\/connection-technology\/\" \/>\n<meta property=\"og:site_name\" content=\"IVEC Industrievertretung E. Cleve OHG\" \/>\n<meta property=\"article:modified_time\" content=\"2025-10-20T11:06:38+00:00\" \/>\n<meta property=\"og:image\" content=\"https:\/\/www.ivec-cleve.de\/wp-content\/uploads\/cropped-IVEC-Industrievertretung-E-Cleve-OHG-i.jpg\" \/>\n\t<meta property=\"og:image:width\" content=\"512\" \/>\n\t<meta property=\"og:image:height\" content=\"512\" \/>\n\t<meta property=\"og:image:type\" content=\"image\/jpeg\" \/>\n<meta name=\"twitter:card\" content=\"summary_large_image\" \/>\n<script type=\"application\/ld+json\" class=\"yoast-schema-graph\">{\"@context\":\"https:\\\/\\\/schema.org\",\"@graph\":[{\"@type\":\"WebPage\",\"@id\":\"https:\\\/\\\/www.ivec-cleve.de\\\/en\\\/connection-technology\\\/\",\"url\":\"https:\\\/\\\/www.ivec-cleve.de\\\/en\\\/connection-technology\\\/\",\"name\":\"Connectors from IVEC \u2013 Industry, Automotive & Electronics\",\"isPartOf\":{\"@id\":\"https:\\\/\\\/www.ivec-cleve.de\\\/en\\\/#website\"},\"datePublished\":\"2025-10-14T10:53:33+00:00\",\"dateModified\":\"2025-10-20T11:06:38+00:00\",\"description\":\"IVEC Connectors: flat connectors, flexible conductors, heat-shrink tubing, and more\u2014precisely tailored to your project requirements.\",\"breadcrumb\":{\"@id\":\"https:\\\/\\\/www.ivec-cleve.de\\\/en\\\/connection-technology\\\/#breadcrumb\"},\"inLanguage\":\"en-US\",\"potentialAction\":[{\"@type\":\"ReadAction\",\"target\":[\"https:\\\/\\\/www.ivec-cleve.de\\\/en\\\/connection-technology\\\/\"]}]},{\"@type\":\"BreadcrumbList\",\"@id\":\"https:\\\/\\\/www.ivec-cleve.de\\\/en\\\/connection-technology\\\/#breadcrumb\",\"itemListElement\":[{\"@type\":\"ListItem\",\"position\":1,\"name\":\"Startseite\",\"item\":\"https:\\\/\\\/www.ivec-cleve.de\\\/en\\\/\"},{\"@type\":\"ListItem\",\"position\":2,\"name\":\"Connectors\"}]},{\"@type\":\"WebSite\",\"@id\":\"https:\\\/\\\/www.ivec-cleve.de\\\/en\\\/#website\",\"url\":\"https:\\\/\\\/www.ivec-cleve.de\\\/en\\\/\",\"name\":\"IVEC Industrievertretung E. Cleve OHG\",\"description\":\"IVEC ist in Bayern und Baden-W\u00fcrttemberg (nur ACP und Copal) als Industrievertretung f\u00fcr verschiedene Hersteller passiver und elektromechanischer Bauelemente t\u00e4tig\",\"publisher\":{\"@id\":\"https:\\\/\\\/www.ivec-cleve.de\\\/en\\\/#organization\"},\"potentialAction\":[{\"@type\":\"SearchAction\",\"target\":{\"@type\":\"EntryPoint\",\"urlTemplate\":\"https:\\\/\\\/www.ivec-cleve.de\\\/en\\\/?s={search_term_string}\"},\"query-input\":{\"@type\":\"PropertyValueSpecification\",\"valueRequired\":true,\"valueName\":\"search_term_string\"}}],\"inLanguage\":\"en-US\"},{\"@type\":\"Organization\",\"@id\":\"https:\\\/\\\/www.ivec-cleve.de\\\/en\\\/#organization\",\"name\":\"IVEC Industrievertretung E. Cleve OHG\",\"url\":\"https:\\\/\\\/www.ivec-cleve.de\\\/en\\\/\",\"logo\":{\"@type\":\"ImageObject\",\"inLanguage\":\"en-US\",\"@id\":\"https:\\\/\\\/www.ivec-cleve.de\\\/en\\\/#\\\/schema\\\/logo\\\/image\\\/\",\"url\":\"https:\\\/\\\/www.ivec-cleve.de\\\/wp-content\\\/uploads\\\/ivec-20-jahre.png\",\"contentUrl\":\"https:\\\/\\\/www.ivec-cleve.de\\\/wp-content\\\/uploads\\\/ivec-20-jahre.png\",\"width\":1165,\"height\":346,\"caption\":\"IVEC Industrievertretung E. Cleve OHG\"},\"image\":{\"@id\":\"https:\\\/\\\/www.ivec-cleve.de\\\/en\\\/#\\\/schema\\\/logo\\\/image\\\/\"}}]}<\/script>\n<!-- \/ Yoast SEO plugin. -->","yoast_head_json":{"title":"Connectors from IVEC \u2013 Industry, Automotive & Electronics","description":"IVEC Connectors: flat connectors, flexible conductors, heat-shrink tubing, and more\u2014precisely tailored to your project requirements.","robots":{"index":"index","follow":"follow","max-snippet":"max-snippet:-1","max-image-preview":"max-image-preview:large","max-video-preview":"max-video-preview:-1"},"canonical":"https:\/\/www.ivec-cleve.de\/en\/connection-technology\/","og_locale":"en_US","og_type":"article","og_title":"Connectors from IVEC \u2013 Industry, Automotive & Electronics","og_description":"IVEC Connectors: flat connectors, flexible conductors, heat-shrink tubing, and more\u2014precisely tailored to your project requirements.","og_url":"https:\/\/www.ivec-cleve.de\/en\/connection-technology\/","og_site_name":"IVEC Industrievertretung E. Cleve OHG","article_modified_time":"2025-10-20T11:06:38+00:00","og_image":[{"width":512,"height":512,"url":"https:\/\/www.ivec-cleve.de\/wp-content\/uploads\/cropped-IVEC-Industrievertretung-E-Cleve-OHG-i.jpg","type":"image\/jpeg"}],"twitter_card":"summary_large_image","schema":{"@context":"https:\/\/schema.org","@graph":[{"@type":"WebPage","@id":"https:\/\/www.ivec-cleve.de\/en\/connection-technology\/","url":"https:\/\/www.ivec-cleve.de\/en\/connection-technology\/","name":"Connectors from IVEC \u2013 Industry, Automotive & Electronics","isPartOf":{"@id":"https:\/\/www.ivec-cleve.de\/en\/#website"},"datePublished":"2025-10-14T10:53:33+00:00","dateModified":"2025-10-20T11:06:38+00:00","description":"IVEC Connectors: flat connectors, flexible conductors, heat-shrink tubing, and more\u2014precisely tailored to your project requirements.","breadcrumb":{"@id":"https:\/\/www.ivec-cleve.de\/en\/connection-technology\/#breadcrumb"},"inLanguage":"en-US","potentialAction":[{"@type":"ReadAction","target":["https:\/\/www.ivec-cleve.de\/en\/connection-technology\/"]}]},{"@type":"BreadcrumbList","@id":"https:\/\/www.ivec-cleve.de\/en\/connection-technology\/#breadcrumb","itemListElement":[{"@type":"ListItem","position":1,"name":"Startseite","item":"https:\/\/www.ivec-cleve.de\/en\/"},{"@type":"ListItem","position":2,"name":"Connectors"}]},{"@type":"WebSite","@id":"https:\/\/www.ivec-cleve.de\/en\/#website","url":"https:\/\/www.ivec-cleve.de\/en\/","name":"IVEC Industrievertretung E. Cleve OHG","description":"IVEC ist in Bayern und Baden-W\u00fcrttemberg (nur ACP und Copal) als Industrievertretung f\u00fcr verschiedene Hersteller passiver und elektromechanischer Bauelemente t\u00e4tig","publisher":{"@id":"https:\/\/www.ivec-cleve.de\/en\/#organization"},"potentialAction":[{"@type":"SearchAction","target":{"@type":"EntryPoint","urlTemplate":"https:\/\/www.ivec-cleve.de\/en\/?s={search_term_string}"},"query-input":{"@type":"PropertyValueSpecification","valueRequired":true,"valueName":"search_term_string"}}],"inLanguage":"en-US"},{"@type":"Organization","@id":"https:\/\/www.ivec-cleve.de\/en\/#organization","name":"IVEC Industrievertretung E. Cleve OHG","url":"https:\/\/www.ivec-cleve.de\/en\/","logo":{"@type":"ImageObject","inLanguage":"en-US","@id":"https:\/\/www.ivec-cleve.de\/en\/#\/schema\/logo\/image\/","url":"https:\/\/www.ivec-cleve.de\/wp-content\/uploads\/ivec-20-jahre.png","contentUrl":"https:\/\/www.ivec-cleve.de\/wp-content\/uploads\/ivec-20-jahre.png","width":1165,"height":346,"caption":"IVEC Industrievertretung E. Cleve OHG"},"image":{"@id":"https:\/\/www.ivec-cleve.de\/en\/#\/schema\/logo\/image\/"}}]}},"_links":{"self":[{"href":"https:\/\/www.ivec-cleve.de\/en\/wp-json\/wp\/v2\/pages\/1493","targetHints":{"allow":["GET"]}}],"collection":[{"href":"https:\/\/www.ivec-cleve.de\/en\/wp-json\/wp\/v2\/pages"}],"about":[{"href":"https:\/\/www.ivec-cleve.de\/en\/wp-json\/wp\/v2\/types\/page"}],"author":[{"embeddable":true,"href":"https:\/\/www.ivec-cleve.de\/en\/wp-json\/wp\/v2\/users\/4"}],"replies":[{"embeddable":true,"href":"https:\/\/www.ivec-cleve.de\/en\/wp-json\/wp\/v2\/comments?post=1493"}],"version-history":[{"count":5,"href":"https:\/\/www.ivec-cleve.de\/en\/wp-json\/wp\/v2\/pages\/1493\/revisions"}],"predecessor-version":[{"id":1559,"href":"https:\/\/www.ivec-cleve.de\/en\/wp-json\/wp\/v2\/pages\/1493\/revisions\/1559"}],"wp:attachment":[{"href":"https:\/\/www.ivec-cleve.de\/en\/wp-json\/wp\/v2\/media?parent=1493"}],"curies":[{"name":"wp","href":"https:\/\/api.w.org\/{rel}","templated":true}]}}